{"id":1124,"date":"2022-02-10T11:19:36","date_gmt":"2022-02-10T11:19:36","guid":{"rendered":"https:\/\/www.chalets-fontromeu.com\/mon-sejour\/"},"modified":"2025-10-21T08:41:40","modified_gmt":"2025-10-21T08:41:40","slug":"mon-sejour","status":"publish","type":"page","link":"https:\/\/www.chalets-fontromeu.com\/es\/mon-sejour\/","title":{"rendered":"Mi estancia"},"content":{"rendered":"<div class=\"wpb-content-wrapper\"><p>[vc_row css=\u00bb.vc_custom_1644491525369{background-color: #e8e8e8 !important;}\u00bb][vc_column]<div class=\"wrappedcontent\">[vc_empty_space height=\u00bb40px\u00bb][vc_column_text]<\/p>\n<h2>Todas las informaciones pr\u00e1cticas previas a su estancia en Chalet<\/h2>\n<p>[\/vc_column_text]<\/div>[\/vc_column][\/vc_row][vc_row][vc_column]<div class=\"wrappedcontent\">[vc_icon icon_fontawesome=\u00bbfas fa-home\u00bb color=\u00bbcustom\u00bb custom_color=\u00bb#23afc2&#8243;][vc_column_text]<\/p>\n<p style=\"text-align: left;\"><span style=\"color: #23afc2;\"><strong><span style=\"font-size: 20pt;\">Mi estancia en alojamiento<\/span><\/strong><\/span><\/p>\n<p>[\/vc_column_text][vc_empty_space height=\u00bb35px\u00bb][vc_column_text css=\u00bb\u00bb]<span style=\"font-size: 14pt;\"><strong>Lo que esta incluido en mi alojamiento \u00a0<\/strong><\/span><\/p>\n<ul>\n<li>S\u00e1banas, edredones y toallas<\/li>\n<li>Kit de limpieza (esponja, l\u00edquido lavavajillas, producto multiuso)<\/li>\n<li>Guardaskis<\/li>\n<li>Kit beb\u00e9 &#8211; Cama y silla (seg\u00fan disponibilidad)<\/li>\n<li>M\u00e1quina de fondue y raclette en su chalet<\/li>\n<li>1 Trineo<\/li>\n<li>Madera para la estufa<\/li>\n<li>1 plaza de aparcamiento<\/li>\n<\/ul>\n<p><span style=\"font-size: 12pt;\"><b>\u00a0 \u00a0 \u00a0 Con suplemento: ver tarifas adicionales<\/b><\/span><\/p>\n<p><span style=\"font-size: 14pt;\"><strong>Forma de pago, tarifa classic<\/strong><\/span><\/p>\n<ul>\n<li>Anticipo del 30% a la reserva, abono del total restante un mes antes de la llegada.<\/li>\n<\/ul>\n<p><strong>Modificaci\u00f3n<\/strong>: hasta con 14 d\u00edas de antelaci\u00f3n y 50 \u20ac de gastos.<br \/>\n<strong>Cancelaci\u00f3n:\u00a0<\/strong> hasta con 30 d\u00edas de antelaci\u00f3n y 50 \u20ac de gastos + la suscripci\u00f3n al seguro + los gastos de reserva. Con menos de 30 d\u00edas de antelaci\u00f3n, 100 % de gastos de cancelaci\u00f3n.<\/p>\n<p><span style=\"font-size: 14pt;\"><strong>Horarios de llegada y salida<\/strong><\/span><br \/>\n<span style=\"font-size: 12pt;\">Hora de llegada: 16h\/Hora de salida: 10h<\/span>[\/vc_column_text]<\/div>[\/vc_column][\/vc_row][vc_row css=\u00bb.vc_custom_1644491807431{background-color: #e8e8e8 !important;}\u00bb][vc_column]<div class=\"wrappedcontent\">[vc_row_inner equal_height=\u00bbyes\u00bb gap=\u00bb35&#8243; css=\u00bb.vc_custom_1644491852812{margin-left: -0.5px !important;}\u00bb][vc_column_inner width=\u00bb1\/3&#8243;][vc_masonry_media_grid element_width=\u00bb12&#8243; gap=\u00bb0&#8243; grid_id=\u00bbvc_gid:1758624579580-7f65aab3-d421-1&#8243; include=\u00bb1116&#8243;][\/vc_column_inner][vc_column_inner width=\u00bb2\/3&#8243;][vc_column_text]<span style=\"color: #23afc2;\"><strong><span style=\"font-size: 16pt;\">\u00a1Los animales son bienvenidos!<\/span><\/strong><\/span><\/p>\n<p><span style=\"font-size: 14pt;\">Aceptamos un animal de compa\u00f1\u00eda por alojamiento.<\/span><br \/>\n<span style=\"font-size: 14pt;\">Debe estar vacunados y con correa.<\/span>[\/vc_column_text][\/vc_column_inner][\/vc_row_inner]<\/div>[\/vc_column][\/vc_row][vc_row css=\u00bb.vc_custom_1644491962547{background-color: #23afc2 !important;}\u00bb][vc_column]<div class=\"wrappedcontent\">[vc_row_inner equal_height=\u00bbyes\u00bb gap=\u00bb35&#8243; css=\u00bb.vc_custom_1644491967866{margin-left: -0.5px !important;}\u00bb][vc_column_inner width=\u00bb1\/3&#8243;][vc_icon icon_fontawesome=\u00bbfas fa-wallet\u00bb color=\u00bbwhite\u00bb align=\u00bbcenter\u00bb][vc_column_text]<\/p>\n<p style=\"text-align: center;\"><span style=\"font-size: 14pt; color: #ffffff;\"><strong>EN INVIERNO GASTOS DE RESERVA GRATUITOS<\/strong><\/span><\/p>\n<p>[\/vc_column_text][\/vc_column_inner][vc_column_inner width=\u00bb1\/3&#8243;][vc_icon icon_fontawesome=\u00bbfas fa-briefcase\u00bb color=\u00bbwhite\u00bb align=\u00bbcenter\u00bb][vc_column_text]<\/p>\n<p style=\"text-align: center;\"><span style=\"font-size: 14pt; color: #ffffff;\"><strong>SEGURO DE CANCELACI\u00d3N<\/strong><\/span><\/p>\n<p style=\"text-align: center;\"><span style=\"color: #ffffff;\">Seguro de cancelaci\u00f3n e interrupci\u00f3n de la estancia<br \/>\n4,5% del importe total de su estancia (excepto gastos administrativos y tasa de estancia).<\/span><\/p>\n<p>[\/vc_column_text][\/vc_column_inner][vc_column_inner width=\u00bb1\/3&#8243;][vc_icon icon_fontawesome=\u00bbfas fa-tags\u00bb color=\u00bbwhite\u00bb align=\u00bbcenter\u00bb][vc_column_text]<\/p>\n<p style=\"text-align: center;\"><span style=\"font-size: 14pt; color: #ffffff;\"><strong>TARIFAS ADICIONALES<\/strong><\/span><\/p>\n<p style=\"text-align: center;\"><a href=\"https:\/\/media.huttopia.com\/tarifs-annexes-hiver.pdf\" target=\"_blank\" rel=\"noopener noreferrer\"><span style=\"color: #ffffff;\"><u>Consultar las tarifas adicionales<\/u><\/span><\/a><\/p>\n<p>[\/vc_column_text][\/vc_column_inner][\/vc_row_inner]<\/div>[\/vc_column][\/vc_row]<\/p>\n<\/div>","protected":false},"excerpt":{"rendered":"<p>[vc_row css=\u00bb.vc_custom_1644491525369{background-color: #e8e8e8 !important;}\u00bb][vc_column][\/vc_column][\/vc_row][vc_row][vc_column][\/vc_column][\/vc_row][vc_row css=\u00bb.vc_custom_1644491807431{background-color: #e8e8e8 !important;}\u00bb][vc_column][\/vc_column][\/vc_row][vc_row css=\u00bb.vc_custom_1644491962547{background-color: #23afc2 !important;}\u00bb][vc_column][\/vc_column][\/vc_row]<\/p>\n","protected":false},"author":4,"featured_media":0,"parent":0,"menu_order":0,"comment_status":"closed","ping_status":"closed","template":"","meta":{"footnotes":""},"class_list":["post-1124","page","type-page","status-publish","hentry"],"yoast_head":"<!-- This site is optimized with the Yoast SEO plugin v25.6 - https:\/\/yoast.com\/wordpress\/plugins\/seo\/ -->\n<title>Mi estancia - Les Chalets de Font-Romeu<\/title>\n<meta name=\"description\" content=\"Todas las informaciones pr\u00e1cticas previas a su estancia en Chalet\" \/>\n<meta name=\"robots\" content=\"index, follow, max-snippet:-1, max-image-preview:large, max-video-preview:-1\" \/>\n<link rel=\"canonical\" href=\"https:\/\/www.chalets-fontromeu.com\/es\/mon-sejour\/\" \/>\n<meta property=\"og:locale\" content=\"es_ES\" \/>\n<meta property=\"og:type\" content=\"article\" \/>\n<meta property=\"og:title\" content=\"Mi estancia - Les Chalets de Font-Romeu\" \/>\n<meta property=\"og:description\" content=\"Todas las informaciones pr\u00e1cticas previas a su estancia en Chalet\" \/>\n<meta property=\"og:url\" content=\"https:\/\/www.chalets-fontromeu.com\/es\/mon-sejour\/\" \/>\n<meta property=\"og:site_name\" content=\"Les Chalets de Font-Romeu\" \/>\n<meta property=\"article:modified_time\" content=\"2025-10-21T08:41:40+00:00\" \/>\n<meta name=\"twitter:card\" content=\"summary_large_image\" \/>\n<meta name=\"twitter:label1\" content=\"Est. reading time\" \/>\n\t<meta name=\"twitter:data1\" content=\"2 minutos\" \/>\n<script type=\"application\/ld+json\" class=\"yoast-schema-graph\">{\"@context\":\"https:\/\/schema.org\",\"@graph\":[{\"@type\":\"WebPage\",\"@id\":\"https:\/\/www.chalets-fontromeu.com\/es\/mon-sejour\/\",\"url\":\"https:\/\/www.chalets-fontromeu.com\/es\/mon-sejour\/\",\"name\":\"Mi estancia - Les Chalets de Font-Romeu\",\"isPartOf\":{\"@id\":\"https:\/\/www.chalets-fontromeu.com\/es\/#website\"},\"datePublished\":\"2022-02-10T11:19:36+00:00\",\"dateModified\":\"2025-10-21T08:41:40+00:00\",\"description\":\"Todas las informaciones pr\u00e1cticas previas a su estancia en Chalet\",\"breadcrumb\":{\"@id\":\"https:\/\/www.chalets-fontromeu.com\/es\/mon-sejour\/#breadcrumb\"},\"inLanguage\":\"es\",\"potentialAction\":[{\"@type\":\"ReadAction\",\"target\":[\"https:\/\/www.chalets-fontromeu.com\/es\/mon-sejour\/\"]}]},{\"@type\":\"BreadcrumbList\",\"@id\":\"https:\/\/www.chalets-fontromeu.com\/es\/mon-sejour\/#breadcrumb\",\"itemListElement\":[{\"@type\":\"ListItem\",\"position\":1,\"name\":\"Home\",\"item\":\"https:\/\/www.chalets-fontromeu.com\/es\/\"},{\"@type\":\"ListItem\",\"position\":2,\"name\":\"Mi estancia\"}]},{\"@type\":\"WebSite\",\"@id\":\"https:\/\/www.chalets-fontromeu.com\/es\/#website\",\"url\":\"https:\/\/www.chalets-fontromeu.com\/es\/\",\"name\":\"Les Chalets de Font-Romeu\",\"description\":\"Just another Citykamp site\",\"potentialAction\":[{\"@type\":\"SearchAction\",\"target\":{\"@type\":\"EntryPoint\",\"urlTemplate\":\"https:\/\/www.chalets-fontromeu.com\/es\/?s={search_term_string}\"},\"query-input\":{\"@type\":\"PropertyValueSpecification\",\"valueRequired\":true,\"valueName\":\"search_term_string\"}}],\"inLanguage\":\"es\"}]}<\/script>\n<!-- \/ Yoast SEO plugin. -->","yoast_head_json":{"title":"Mi estancia - Les Chalets de Font-Romeu","description":"Todas las informaciones pr\u00e1cticas previas a su estancia en Chalet","robots":{"index":"index","follow":"follow","max-snippet":"max-snippet:-1","max-image-preview":"max-image-preview:large","max-video-preview":"max-video-preview:-1"},"canonical":"https:\/\/www.chalets-fontromeu.com\/es\/mon-sejour\/","og_locale":"es_ES","og_type":"article","og_title":"Mi estancia - Les Chalets de Font-Romeu","og_description":"Todas las informaciones pr\u00e1cticas previas a su estancia en Chalet","og_url":"https:\/\/www.chalets-fontromeu.com\/es\/mon-sejour\/","og_site_name":"Les Chalets de Font-Romeu","article_modified_time":"2025-10-21T08:41:40+00:00","twitter_card":"summary_large_image","twitter_misc":{"Est. reading time":"2 minutos"},"schema":{"@context":"https:\/\/schema.org","@graph":[{"@type":"WebPage","@id":"https:\/\/www.chalets-fontromeu.com\/es\/mon-sejour\/","url":"https:\/\/www.chalets-fontromeu.com\/es\/mon-sejour\/","name":"Mi estancia - Les Chalets de Font-Romeu","isPartOf":{"@id":"https:\/\/www.chalets-fontromeu.com\/es\/#website"},"datePublished":"2022-02-10T11:19:36+00:00","dateModified":"2025-10-21T08:41:40+00:00","description":"Todas las informaciones pr\u00e1cticas previas a su estancia en Chalet","breadcrumb":{"@id":"https:\/\/www.chalets-fontromeu.com\/es\/mon-sejour\/#breadcrumb"},"inLanguage":"es","potentialAction":[{"@type":"ReadAction","target":["https:\/\/www.chalets-fontromeu.com\/es\/mon-sejour\/"]}]},{"@type":"BreadcrumbList","@id":"https:\/\/www.chalets-fontromeu.com\/es\/mon-sejour\/#breadcrumb","itemListElement":[{"@type":"ListItem","position":1,"name":"Home","item":"https:\/\/www.chalets-fontromeu.com\/es\/"},{"@type":"ListItem","position":2,"name":"Mi estancia"}]},{"@type":"WebSite","@id":"https:\/\/www.chalets-fontromeu.com\/es\/#website","url":"https:\/\/www.chalets-fontromeu.com\/es\/","name":"Les Chalets de Font-Romeu","description":"Just another Citykamp site","potentialAction":[{"@type":"SearchAction","target":{"@type":"EntryPoint","urlTemplate":"https:\/\/www.chalets-fontromeu.com\/es\/?s={search_term_string}"},"query-input":{"@type":"PropertyValueSpecification","valueRequired":true,"valueName":"search_term_string"}}],"inLanguage":"es"}]}},"_links":{"self":[{"href":"https:\/\/www.chalets-fontromeu.com\/es\/wp-json\/wp\/v2\/pages\/1124","targetHints":{"allow":["GET"]}}],"collection":[{"href":"https:\/\/www.chalets-fontromeu.com\/es\/wp-json\/wp\/v2\/pages"}],"about":[{"href":"https:\/\/www.chalets-fontromeu.com\/es\/wp-json\/wp\/v2\/types\/page"}],"author":[{"embeddable":true,"href":"https:\/\/www.chalets-fontromeu.com\/es\/wp-json\/wp\/v2\/users\/4"}],"replies":[{"embeddable":true,"href":"https:\/\/www.chalets-fontromeu.com\/es\/wp-json\/wp\/v2\/comments?post=1124"}],"version-history":[{"count":3,"href":"https:\/\/www.chalets-fontromeu.com\/es\/wp-json\/wp\/v2\/pages\/1124\/revisions"}],"predecessor-version":[{"id":1246,"href":"https:\/\/www.chalets-fontromeu.com\/es\/wp-json\/wp\/v2\/pages\/1124\/revisions\/1246"}],"wp:attachment":[{"href":"https:\/\/www.chalets-fontromeu.com\/es\/wp-json\/wp\/v2\/media?parent=1124"}],"curies":[{"name":"wp","href":"https:\/\/api.w.org\/{rel}","templated":true}]}}