{"id":202,"date":"2018-06-21T15:59:17","date_gmt":"2018-06-21T15:59:17","guid":{"rendered":"https:\/\/www.chalets-fontromeu.com\/huttopia-font-romeu\/"},"modified":"2024-06-21T10:20:51","modified_gmt":"2024-06-21T10:20:51","slug":"huttopia-font-romeu","status":"publish","type":"page","link":"https:\/\/www.chalets-fontromeu.com\/es\/","title":{"rendered":"Huttopia Font-Romeu"},"content":{"rendered":"<div class=\"wpb-content-wrapper\"><p>[vc_row][vc_column]<div class=\"wrappedcontent\">[vc_column_text]<\/p>\n<h3>Aquest hivern, reserveu una cabana de fusta Huttopia a Font-Romeu!<\/h3>\n<p><i class=\"fa fa-clock-o\" style=\"font-size: 24px;\"><\/i> \u00a0\u00a0<span style=\"color: #23afc2; font-size: 14pt;\"> \u00a0\u00a0Obert del 05\/12\/2024 al 16\/03\/2025<\/span>[\/vc_column_text][vc_empty_space][vc_column_text]Voleu allotjar-vos en una acollidora cabana de fusta als Pirineus Catalans durant les vacances o durant un cap de setmana d&#8217;esqu\u00ed en fam\u00edlia amb els nens o entre amics? Allotgeu-vos a la muntanya a Font-Romeu, dormiu en una cabana de fusta Huttopia i passeu unes vacances d&#8217;hivern inoblidables en un domini de m\u00e9s de 7\u00a0hect\u00e0rees al bell mig del bosc de Font-Romeu.<\/p>\n<p>Disposareu de tot el confort necessari en un xalet acollidor totalment adaptat a les temperatures hivernals. No hi ha res millor que escalfar-se davant d&#8217;una estufa de llenya despr\u00e9s d&#8217;un bon dia d&#8217;esqu\u00ed. Ideal per gaudir de les meravelles de la muntanya amb unes vistes impressionants de les muntanyes nevades.[\/vc_column_text][vc_empty_space height=\u00bb25px\u00bb]<div class=\"text-center btnwrap\"><a class=\"btn btn-huttopia-cta\" href=\"http:\/\/checkout.huttopia.com\/redirect\/es\/879\" role=\"button\" target=\"\" onclick=\"dataLayer.push({'event':'clickCity', 'clickText':'Reserva tu estancia'})\">Reserva tu estancia<\/a><\/div><\/div>[\/vc_column][\/vc_row][vc_row css=\u00bb.vc_custom_1531834686439{background-color: #e8e8e8 !important;}\u00bb][vc_column]<div class=\"wrappedcontent\">[vc_masonry_media_grid gap=\u00bb10&#8243; item=\u00bb37&#8243; grid_id=\u00bbvc_gid:1718965128750-8eb9c1b0-42c6-4&#8243; include=\u00bb319,318,785&#8243;][vc_empty_space]<\/div>[\/vc_column][\/vc_row][vc_row][vc_column]<div class=\"wrappedcontent\">[vc_column_text]<\/p>\n<h4>El domini esquiable de Font-Romeu Pyr\u00e9n\u00e9es 2000<\/h4>\n<p>El poble de xalets Huttopia Font-Romeu es troba a nom\u00e9s 300 metres de la sortida dels telecabines. Esquieu al domini de Font-Romeu Pyr\u00e9n\u00e9es 2000. Podeu escollir entre un ampli ventall d&#8217;activitats d&#8217;hivern: excursions, esqu\u00ed n\u00f2rdic, raquetes, trineus, sortides amb gossos de trineu,&#8230; A l&#8217;estaci\u00f3 d&#8217;esqu\u00ed de Font-Romeu, als Pirineus Catalans, a l&#8217;Alta Cerdanya, el poblet de cabanes de fusta Huttopia Font-Romeu, en ple bosc, us acull perqu\u00e8 passeu unes vacances diferents a la muntanya en fam\u00edlia o entre amics. Combineu esport i relaxaci\u00f3, aprofiteu tot el confort i l&#8217;escalfor de les cabanes de fusta.[\/vc_column_text][vc_empty_space][vc_row_inner gap=\u00bb20&#8243; css=\u00bb.vc_custom_1529676214421{margin-left: -0.5px !important;}\u00bb][vc_column_inner width=\u00bb1\/2&#8243;][vc_masonry_media_grid element_width=\u00bb12&#8243; gap=\u00bb0&#8243; item=\u00bb421&#8243; grid_id=\u00bbvc_gid:1718965128753-2babf664-bf4a-4&#8243; include=\u00bb788&#8243;][\/vc_column_inner][vc_column_inner width=\u00bb1\/2&#8243;][vc_masonry_media_grid element_width=\u00bb12&#8243; gap=\u00bb0&#8243; item=\u00bb320&#8243; grid_id=\u00bbvc_gid:1718965128755-96f417c4-28f3-2&#8243; include=\u00bb791&#8243;][\/vc_column_inner][\/vc_row_inner]<\/div>[\/vc_column][\/vc_row][vc_row css=\u00bb.vc_custom_1531834911793{background-color: #e8e8e8 !important;}\u00bb][vc_column]<div class=\"wrappedcontent\">[vc_row_inner equal_height=\u00bbyes\u00bb gap=\u00bb20&#8243; css=\u00bb.vc_custom_1529676176685{margin-left: -0.5px !important;}\u00bb][vc_column_inner width=\u00bb5\/6&#8243;][vc_column_text]<\/p>\n<h5>TU LUGAR DE ESQU\u00cd A PRECIOS REDUCIDOS\u00a0 \u00a0 \u00a0<i class=\"fa fa-snowflake-o\"><\/i><\/h5>\n<p>Reserva tu equipo de esqu\u00ed al mejor precio y disfruta de descuentos gracias a nuestra empresa colaboradora SKISET.<\/p>\n<p>\u00bfC\u00f3mo lo hago? Te enviaremos un enlace de reserva exclusivo, una vez hayas formalizado la reserva de una estancia en Chalet.[\/vc_column_text][\/vc_column_inner][vc_column_inner width=\u00bb1\/6&#8243;][vc_masonry_media_grid element_width=\u00bb12&#8243; gap=\u00bb0&#8243; item=\u00bb37&#8243; grid_id=\u00bbvc_gid:1718965128756-dfa05901-6aa7-9&#8243; include=\u00bb203&#8243;][\/vc_column_inner][\/vc_row_inner]<\/div>[\/vc_column][\/vc_row][vc_row][vc_column]<div class=\"wrappedcontent\">[vc_row_inner][vc_column_inner width=\u00bb1\/6&#8243;][vc_icon icon_fontawesome=\u00bbfa fa-quote-left\u00bb color=\u00bbcustom\u00bb custom_color=\u00bb#23afc2&#8243;][\/vc_column_inner][vc_column_inner width=\u00bb2\/3&#8243;][vc_column_text]<\/p>\n<p style=\"text-align: center;\"><em><span style=\"font-size: 16pt;\">Xalet molt acollidor! Una escapada meravellosa als Pirineus!<\/span><\/em><br \/>\n<span style=\"font-size: 10pt;\">Lucile M.\u00a0 \u00a0<\/span><span style=\"color: #23afc2;\">\u2605\u2605\u2605\u2605\u2605<\/span><\/p>\n<p style=\"text-align: center;\"><em><span style=\"font-size: 16pt;\">Vistes magn\u00edfiques de bon mat\u00ed, temps ideal; en resum, un cap de setmana perfecte a la muntanya.<br \/>\n<\/span><\/em><span style=\"font-size: 10pt;\">Loris N.<\/span>\u00a0 \u00a0<span style=\"color: #23afc2;\">\u2605\u2605\u2605\u2605\u2605<\/span><\/p>\n<p>[\/vc_column_text][\/vc_column_inner][vc_column_inner width=\u00bb1\/6&#8243;][vc_icon icon_fontawesome=\u00bbfa fa-quote-right\u00bb color=\u00bbcustom\u00bb align=\u00bbright\u00bb custom_color=\u00bb#23afc2&#8243;][\/vc_column_inner][\/vc_row_inner][vc_empty_space height=\u00bb50px\u00bb][vc_row_inner equal_height=\u00bbyes\u00bb gap=\u00bb20&#8243; css=\u00bb.vc_custom_1531916847626{margin-left: -0.5px !important;}\u00bb][vc_column_inner width=\u00bb1\/4&#8243; css=\u00bb.vc_custom_1531916854170{background-color: #e8e8e8 !important;}\u00bb][vc_icon icon_fontawesome=\u00bbfa fa-camera\u00bb color=\u00bbcustom\u00bb size=\u00bblg\u00bb align=\u00bbcenter\u00bb custom_color=\u00bb#23afc2&#8243; link=\u00bburl:https%3A%2F%2Fwww.chalets-fontromeu.com%2Fes%2Fgalerie-photo%2F||target:%20_blank|\u00bb css=\u00bb.vc_custom_1536759657567{margin-bottom: -10px !important;padding-top: 15px !important;}\u00bb][vc_column_text css=\u00bb.vc_custom_1536759673324{padding-top: 25px !important;padding-right: 15px !important;padding-bottom: 15px !important;padding-left: 15px !important;}\u00bb]<\/p>\n<p style=\"text-align: center;\"><a href=\"https:\/\/www.chalets-fontromeu.com\/es\/galerie-photo\/\" target=\"_blank\" rel=\"noopener noreferrer\"><strong>Galer\u00eda de fotos<\/strong><\/a><\/p>\n<p>[\/vc_column_text][\/vc_column_inner][vc_column_inner width=\u00bb1\/4&#8243; css=\u00bb.vc_custom_1531916858384{background-color: #e8e8e8 !important;}\u00bb][vc_icon icon_fontawesome=\u00bb\u00bb color=\u00bbcustom\u00bb size=\u00bblg\u00bb align=\u00bbcenter\u00bb custom_color=\u00bb#23afc2&#8243; link=\u00bburl:https%3A%2F%2Fmedia.huttopia.com%2Fdestinations%2Ffont-romeu%2Fhuttopia-font-romeu-plan.pdf|target:_blank\u00bb css=\u00bb.vc_custom_1672931493034{margin-bottom: -10px !important;padding-top: 15px !important;}\u00bb][vc_column_text css=\u00bb.vc_custom_1672931487626{padding-top: 25px !important;padding-right: 15px !important;padding-bottom: 15px !important;padding-left: 15px !important;}\u00bb]<\/p>\n<p style=\"text-align: center;\"><a href=\"https:\/\/media.huttopia.com\/destinations\/font-romeu\/huttopia-font-romeu-plan.pdf\" target=\"_blank\" rel=\"noopener noreferrer\"><strong>Plano del camping<\/strong><\/a><\/p>\n<p>[\/vc_column_text][\/vc_column_inner][vc_column_inner width=\u00bb1\/4&#8243; css=\u00bb.vc_custom_1531916862801{background-color: #e8e8e8 !important;}\u00bb][vc_icon icon_fontawesome=\u00bbfa fa-envelope-o\u00bb color=\u00bbcustom\u00bb size=\u00bblg\u00bb align=\u00bbcenter\u00bb custom_color=\u00bb#23afc2&#8243; link=\u00bburl:https%3A%2F%2Fwww.chalets-fontromeu.com%2Fes%2Fcontact%2F||target:%20_blank|\u00bb css=\u00bb.vc_custom_1536759699243{margin-bottom: -10px !important;padding-top: 15px !important;}\u00bb][vc_column_text css=\u00bb.vc_custom_1536759709867{padding-top: 25px !important;padding-right: 15px !important;padding-bottom: 15px !important;padding-left: 15px !important;}\u00bb]<\/p>\n<p style=\"text-align: center;\"><a href=\"https:\/\/www.chalets-fontromeu.com\/es\/contact\/\" target=\"_blank\" rel=\"noopener noreferrer\"><strong>Contacto<\/strong><\/a><\/p>\n<p>[\/vc_column_text][\/vc_column_inner][vc_column_inner width=\u00bb1\/4&#8243; css=\u00bb.vc_custom_1531916867200{background-color: #e8e8e8 !important;}\u00bb][vc_icon icon_fontawesome=\u00bbfa fa-map-marker\u00bb color=\u00bbcustom\u00bb size=\u00bblg\u00bb align=\u00bbcenter\u00bb custom_color=\u00bb#23afc2&#8243; link=\u00bburl:https%3A%2F%2Fgoo.gl%2Fmaps%2FapC95cDt3kJ2||target:%20_blank|\u00bb css=\u00bb.vc_custom_1531917214192{margin-bottom: -10px !important;padding-top: 15px !important;}\u00bb][vc_column_text css=\u00bb.vc_custom_1536759718494{padding-top: 25px !important;padding-right: 15px !important;padding-bottom: 15px !important;padding-left: 15px !important;}\u00bb]<\/p>\n<p style=\"text-align: center;\"><a href=\"https:\/\/goo.gl\/maps\/apC95cDt3kJ2\" target=\"_blank\" rel=\"noopener noreferrer\"><strong>Ruta<\/strong><\/a><\/p>\n<p>[\/vc_column_text][\/vc_column_inner][\/vc_row_inner]<\/div>[\/vc_column][\/vc_row][vc_row css=\u00bb.vc_custom_1529663073506{background-color: #e8e8e8 !important;}\u00bb][vc_column]<div class=\"wrappedcontent\">[vc_column_text]<\/p>\n<h4>Com arribar-hi<\/h4>\n<p><strong>Amb cotxe<br \/>\n<\/strong>Des de Tolosa: agafeu l\u2019A61 direcci\u00f3 Montpeller i l\u2019A66 direcci\u00f3 Foix\/Andorra. Seguiu l&#8217;N20 direcci\u00f3 Bourg Madame i, despr\u00e9s, Font-Romeu.<br \/>\nDes de Montpeller: agafeu l\u2019A9 direcci\u00f3 Besiers i, despr\u00e9s, la sortida 41. Seguiu l&#8217;N9 en direcci\u00f3 Perpiny\u00e0 i, seguidament, l&#8217;N116 i seguiu Font-Romeu.<\/p>\n<p><strong>Amb tren<\/strong><br \/>\nFont-Romeu Odell\u00f3 Vi\u00e0 (5 km).<\/p>\n<p><strong>Amb avi\u00f3<\/strong><br \/>\nAeroport de Perpiny\u00e0-Ribesaltes (90 km).[\/vc_column_text]<\/div>[\/vc_column][\/vc_row][vc_row][vc_column]<div class=\"wrappedcontent\">[vc_masonry_media_grid element_width=\u00bb12&#8243; gap=\u00bb0&#8243; item=\u00bb58&#8243; grid_id=\u00bbvc_gid:1718965128758-1ce8ee76-623c-4&#8243; include=\u00bb633&#8243;][vc_column_text css=\u00bb.vc_custom_1561390712026{padding-top: 15px !important;padding-right: 15px !important;padding-bottom: 15px !important;padding-left: 15px !important;background-color: #e8e8e8 !important;}\u00bb]<\/p>\n<p style=\"text-align: center;\">Huttopia Font-Romeu tamb\u00e9 us acull l&#8217;estiu per passar uns dies a la muntanya sota el sol dels Pirineus. Consulteu la p\u00e0gina\u00a0<a href=\"https:\/\/europe.huttopia.com\/es\/site\/camping-font-romeu\/\"><u>Font-Romeu<\/u><\/a> Estiu\u00a0per obtenir m\u00e9s informaci\u00f3.<br \/>\nAquest establiment disposa del segell \u00abFamille Plus\u00bb. Es compromet a fer tot el possible per garantir a les fam\u00edlies i als infants una acollida adaptada i unes vacances fant\u00e0stiques.<\/p>\n<p>[\/vc_column_text]<\/div>\n    <div id=\"map804207\" class=\"map\"><\/div>\n    <script type=\"text\/javascript\">\n        let iconType = L.icon({\n            iconUrl: baseDirectory + '\/img\/pin.png',\n            iconSize: [22, 48],\n            iconAnchor: [11, 46],\n            popupAnchor: [0, -46]\n        });\n        let map = L.map('map804207', {\n            center: L.latLng(42.51522809999999, 2.053194699999949),\n            zoom: 10.8,\n            layers: [L.tileLayer('https:\/\/cartodb-basemaps-b.global.ssl.fastly.net\/light_all\/{z}\/{x}\/{y}.png', {\n                attribution: '&copy; <a href=\"https:\/\/www.openstreetmap.org\/copyright\">OpenStreetMap<\/a>'\n            })],\n            zoomSnap: 0.2\n        });\n        setTimeout(map.invalidateSize.bind(map), 100);\n        let contentString = '<div id=\"content\">' +\n            '<div id=\"siteNotice\">' +\n            '<\/div>' +\n            '<h4 id=\"firstHeading\" class=\"firstHeading\">Camping Huttopia Font-Romeu<\/h4>' +\n            '<div id=\"bodyContent\">' +\n            '<p>Route de Mont Louis<\/p>' +\n            '<p>66120 Font-Romeu-Odeillo-Via<\/p>' +\n            '<\/div>' +\n            '<\/div>';\n        let marker = L.marker([42.51522809999999, 2.053194699999949], {icon: iconType}).addTo(map);\n        marker.bindPopup(contentString).openPopup();\n        let iwOuter = document.querySelector('.leaflet-popup-content-wrapper');\n        let iwArrow = document.querySelector('.leaflet-popup-tip');\n        iwOuter.style.backgroundColor = '#23AFC2';\n        iwArrow.style.backgroundColor = '#23AFC2';\n    <\/script>\n    [\/vc_column][\/vc_row]<\/p>\n<\/div>","protected":false},"excerpt":{"rendered":"<p>[vc_row][vc_column][\/vc_column][\/vc_row][vc_row css=\u00bb.vc_custom_1531834686439{background-color: #e8e8e8 !important;}\u00bb][vc_column][\/vc_column][\/vc_row][vc_row][vc_column][\/vc_column][\/vc_row][vc_row css=\u00bb.vc_custom_1531834911793{background-color: #e8e8e8 !important;}\u00bb][vc_column][\/vc_column][\/vc_row][vc_row][vc_column][\/vc_column][\/vc_row][vc_row css=\u00bb.vc_custom_1529663073506{background-color: #e8e8e8 !important;}\u00bb][vc_column][\/vc_column][\/vc_row][vc_row][vc_column][\/vc_column][\/vc_row]<\/p>\n","protected":false},"author":1,"featured_media":0,"parent":0,"menu_order":0,"comment_status":"closed","ping_status":"closed","template":"templates\/page-home.php","meta":{"footnotes":""},"class_list":["post-202","page","type-page","status-publish","hentry"],"yoast_head":"<!-- This site is optimized with the Yoast SEO plugin v25.6 - https:\/\/yoast.com\/wordpress\/plugins\/seo\/ -->\n<title>Los xalets de Font-Romeu | Camping Huttopia<\/title>\n<meta name=\"description\" content=\"\u00a1Qu\u00e9date en un chalet de madera este invierno! Unas vacaciones o un fin de semana en el camping catal\u00e1n de los Pirineos Huttopia Font-Romeu. \u00a1Un invierno m\u00e1gico con familiares o amigos te est\u00e1 esperando!\" \/>\n<meta name=\"robots\" content=\"index, follow, max-snippet:-1, max-image-preview:large, max-video-preview:-1\" \/>\n<link rel=\"canonical\" href=\"https:\/\/www.chalets-fontromeu.com\/es\/\" \/>\n<meta property=\"og:locale\" content=\"es_ES\" \/>\n<meta property=\"og:type\" content=\"article\" \/>\n<meta property=\"og:title\" content=\"Los xalets de Font-Romeu | Camping Huttopia\" \/>\n<meta property=\"og:description\" content=\"\u00a1Qu\u00e9date en un chalet de madera este invierno! Unas vacaciones o un fin de semana en el camping catal\u00e1n de los Pirineos Huttopia Font-Romeu. \u00a1Un invierno m\u00e1gico con familiares o amigos te est\u00e1 esperando!\" \/>\n<meta property=\"og:url\" content=\"https:\/\/www.chalets-fontromeu.com\/es\/\" \/>\n<meta property=\"og:site_name\" content=\"Les Chalets de Font-Romeu\" \/>\n<meta property=\"article:modified_time\" content=\"2024-06-21T10:20:51+00:00\" \/>\n<meta name=\"twitter:card\" content=\"summary_large_image\" \/>\n<meta name=\"twitter:label1\" content=\"Est. reading time\" \/>\n\t<meta name=\"twitter:data1\" content=\"4 minutos\" \/>\n<script type=\"application\/ld+json\" class=\"yoast-schema-graph\">{\"@context\":\"https:\/\/schema.org\",\"@graph\":[{\"@type\":\"WebPage\",\"@id\":\"https:\/\/www.chalets-fontromeu.com\/es\/\",\"url\":\"https:\/\/www.chalets-fontromeu.com\/es\/\",\"name\":\"Los xalets de Font-Romeu | Camping Huttopia\",\"isPartOf\":{\"@id\":\"https:\/\/www.chalets-fontromeu.com\/es\/#website\"},\"datePublished\":\"2018-06-21T15:59:17+00:00\",\"dateModified\":\"2024-06-21T10:20:51+00:00\",\"description\":\"\u00a1Qu\u00e9date en un chalet de madera este invierno! Unas vacaciones o un fin de semana en el camping catal\u00e1n de los Pirineos Huttopia Font-Romeu. \u00a1Un invierno m\u00e1gico con familiares o amigos te est\u00e1 esperando!\",\"breadcrumb\":{\"@id\":\"https:\/\/www.chalets-fontromeu.com\/es\/#breadcrumb\"},\"inLanguage\":\"es\",\"potentialAction\":[{\"@type\":\"ReadAction\",\"target\":[\"https:\/\/www.chalets-fontromeu.com\/es\/\"]}]},{\"@type\":\"BreadcrumbList\",\"@id\":\"https:\/\/www.chalets-fontromeu.com\/es\/#breadcrumb\",\"itemListElement\":[{\"@type\":\"ListItem\",\"position\":1,\"name\":\"Home\",\"item\":\"https:\/\/www.chalets-fontromeu.com\/es\/\"},{\"@type\":\"ListItem\",\"position\":2,\"name\":\"Huttopia Font-Romeu\"}]},{\"@type\":\"WebSite\",\"@id\":\"https:\/\/www.chalets-fontromeu.com\/es\/#website\",\"url\":\"https:\/\/www.chalets-fontromeu.com\/es\/\",\"name\":\"Les Chalets de Font-Romeu\",\"description\":\"Just another Citykamp site\",\"potentialAction\":[{\"@type\":\"SearchAction\",\"target\":{\"@type\":\"EntryPoint\",\"urlTemplate\":\"https:\/\/www.chalets-fontromeu.com\/es\/?s={search_term_string}\"},\"query-input\":{\"@type\":\"PropertyValueSpecification\",\"valueRequired\":true,\"valueName\":\"search_term_string\"}}],\"inLanguage\":\"es\"}]}<\/script>\n<!-- \/ Yoast SEO plugin. -->","yoast_head_json":{"title":"Los xalets de Font-Romeu | Camping Huttopia","description":"\u00a1Qu\u00e9date en un chalet de madera este invierno! Unas vacaciones o un fin de semana en el camping catal\u00e1n de los Pirineos Huttopia Font-Romeu. \u00a1Un invierno m\u00e1gico con familiares o amigos te est\u00e1 esperando!","robots":{"index":"index","follow":"follow","max-snippet":"max-snippet:-1","max-image-preview":"max-image-preview:large","max-video-preview":"max-video-preview:-1"},"canonical":"https:\/\/www.chalets-fontromeu.com\/es\/","og_locale":"es_ES","og_type":"article","og_title":"Los xalets de Font-Romeu | Camping Huttopia","og_description":"\u00a1Qu\u00e9date en un chalet de madera este invierno! Unas vacaciones o un fin de semana en el camping catal\u00e1n de los Pirineos Huttopia Font-Romeu. \u00a1Un invierno m\u00e1gico con familiares o amigos te est\u00e1 esperando!","og_url":"https:\/\/www.chalets-fontromeu.com\/es\/","og_site_name":"Les Chalets de Font-Romeu","article_modified_time":"2024-06-21T10:20:51+00:00","twitter_card":"summary_large_image","twitter_misc":{"Est. reading time":"4 minutos"},"schema":{"@context":"https:\/\/schema.org","@graph":[{"@type":"WebPage","@id":"https:\/\/www.chalets-fontromeu.com\/es\/","url":"https:\/\/www.chalets-fontromeu.com\/es\/","name":"Los xalets de Font-Romeu | Camping Huttopia","isPartOf":{"@id":"https:\/\/www.chalets-fontromeu.com\/es\/#website"},"datePublished":"2018-06-21T15:59:17+00:00","dateModified":"2024-06-21T10:20:51+00:00","description":"\u00a1Qu\u00e9date en un chalet de madera este invierno! Unas vacaciones o un fin de semana en el camping catal\u00e1n de los Pirineos Huttopia Font-Romeu. \u00a1Un invierno m\u00e1gico con familiares o amigos te est\u00e1 esperando!","breadcrumb":{"@id":"https:\/\/www.chalets-fontromeu.com\/es\/#breadcrumb"},"inLanguage":"es","potentialAction":[{"@type":"ReadAction","target":["https:\/\/www.chalets-fontromeu.com\/es\/"]}]},{"@type":"BreadcrumbList","@id":"https:\/\/www.chalets-fontromeu.com\/es\/#breadcrumb","itemListElement":[{"@type":"ListItem","position":1,"name":"Home","item":"https:\/\/www.chalets-fontromeu.com\/es\/"},{"@type":"ListItem","position":2,"name":"Huttopia Font-Romeu"}]},{"@type":"WebSite","@id":"https:\/\/www.chalets-fontromeu.com\/es\/#website","url":"https:\/\/www.chalets-fontromeu.com\/es\/","name":"Les Chalets de Font-Romeu","description":"Just another Citykamp site","potentialAction":[{"@type":"SearchAction","target":{"@type":"EntryPoint","urlTemplate":"https:\/\/www.chalets-fontromeu.com\/es\/?s={search_term_string}"},"query-input":{"@type":"PropertyValueSpecification","valueRequired":true,"valueName":"search_term_string"}}],"inLanguage":"es"}]}},"_links":{"self":[{"href":"https:\/\/www.chalets-fontromeu.com\/es\/wp-json\/wp\/v2\/pages\/202","targetHints":{"allow":["GET"]}}],"collection":[{"href":"https:\/\/www.chalets-fontromeu.com\/es\/wp-json\/wp\/v2\/pages"}],"about":[{"href":"https:\/\/www.chalets-fontromeu.com\/es\/wp-json\/wp\/v2\/types\/page"}],"author":[{"embeddable":true,"href":"https:\/\/www.chalets-fontromeu.com\/es\/wp-json\/wp\/v2\/users\/1"}],"replies":[{"embeddable":true,"href":"https:\/\/www.chalets-fontromeu.com\/es\/wp-json\/wp\/v2\/comments?post=202"}],"version-history":[{"count":4,"href":"https:\/\/www.chalets-fontromeu.com\/es\/wp-json\/wp\/v2\/pages\/202\/revisions"}],"predecessor-version":[{"id":1217,"href":"https:\/\/www.chalets-fontromeu.com\/es\/wp-json\/wp\/v2\/pages\/202\/revisions\/1217"}],"wp:attachment":[{"href":"https:\/\/www.chalets-fontromeu.com\/es\/wp-json\/wp\/v2\/media?parent=202"}],"curies":[{"name":"wp","href":"https:\/\/api.w.org\/{rel}","templated":true}]}}