{"id":322,"date":"2018-07-18T12:20:29","date_gmt":"2018-07-18T12:20:29","guid":{"rendered":"https:\/\/www.chalets-fontromeu.com\/galerie-photo\/"},"modified":"2018-09-12T15:32:41","modified_gmt":"2018-09-12T15:32:41","slug":"galeria-de-fotos","status":"publish","type":"page","link":"https:\/\/www.chalets-fontromeu.com\/es\/galeria-de-fotos\/","title":{"rendered":"Galer\u00eda de fotos"},"content":{"rendered":"<div class=\"wpb-content-wrapper\"><p>[vc_row][vc_column]<div class=\"wrappedcontent\">[vc_column_text]<\/p>\n<h3>Galer\u00eda de fotos<\/h3>\n<p>[\/vc_column_text][vc_empty_space][vc_row_inner gap=\u00bb20&#8243;][vc_column_inner css=\u00bb.vc_custom_1531916478484{background-color: #e8e8e8 !important;}\u00bb][vc_column_text css=\u00bb.vc_custom_1536758038169{padding-top: 25px !important;padding-right: 25px !important;padding-left: 25px !important;}\u00bb]<\/p>\n<h5 style=\"text-align: center;\"><span style=\"color: #333333;\">XALETS<\/span><\/h5>\n<p>[\/vc_column_text][vc_empty_space height=\u00bb20px\u00bb][vc_masonry_media_grid style=\u00bbload-more\u00bb items_per_page=\u00bb4&#8243; element_width=\u00bb3&#8243; gap=\u00bb10&#8243; item=\u00bb39&#8243; btn_title=\u00bbSaber m\u00e1s\u00bb btn_style=\u00bbcustom\u00bb btn_custom_background=\u00bb#23afc2&#8243; btn_custom_text=\u00bb#ffffff\u00bb btn_shape=\u00bbsquare\u00bb grid_id=\u00bbvc_gid:1536758244728-4cb5d6ac-f8e5-2&#8243; css=\u00bb.vc_custom_1536758226126{padding-right: 25px !important;padding-bottom: 25px !important;padding-left: 25px !important;}\u00bb include=\u00bb182,181,180,178,179,177,176,175,174,173,172,171,170,168,167,166&#8243;][\/vc_column_inner][\/vc_row_inner][vc_empty_space][vc_row_inner gap=\u00bb20&#8243;][vc_column_inner css=\u00bb.vc_custom_1531916478484{background-color: #e8e8e8 !important;}\u00bb][vc_column_text css=\u00bb.vc_custom_1536758398696{padding-top: 25px !important;padding-right: 25px !important;padding-left: 25px !important;}\u00bb]<\/p>\n<h5 style=\"text-align: center;\"><span style=\"color: #333333;\"> REGIO<\/span><\/h5>\n<p>[\/vc_column_text][vc_empty_space height=\u00bb20px\u00bb][vc_masonry_media_grid style=\u00bbload-more\u00bb items_per_page=\u00bb4&#8243; element_width=\u00bb3&#8243; gap=\u00bb10&#8243; item=\u00bb39&#8243; btn_title=\u00bbSaber m\u00e1s\u00bb btn_style=\u00bbcustom\u00bb btn_custom_background=\u00bb#23afc2&#8243; btn_custom_text=\u00bb#ffffff\u00bb btn_shape=\u00bbsquare\u00bb grid_id=\u00bbvc_gid:1536758244738-86dec044-89e8-1&#8243; css=\u00bb.vc_custom_1536758234147{padding-right: 25px !important;padding-bottom: 25px !important;padding-left: 25px !important;}\u00bb include=\u00bb164,163,162,161,160,159,158,157,156,155,153,154,152&#8243;][\/vc_column_inner][\/vc_row_inner]<\/div>[\/vc_column][\/vc_row]<\/p>\n<\/div>","protected":false},"excerpt":{"rendered":"<p>[vc_row][vc_column][\/vc_column][\/vc_row]<\/p>\n","protected":false},"author":1,"featured_media":0,"parent":0,"menu_order":0,"comment_status":"closed","ping_status":"closed","template":"","meta":{"footnotes":""},"class_list":["post-322","page","type-page","status-publish","hentry"],"yoast_head":"<!-- This site is optimized with the Yoast SEO plugin v25.6 - https:\/\/yoast.com\/wordpress\/plugins\/seo\/ -->\n<title>Galer\u00eda de fotos - Les Chalets de Font-Romeu | Huttopia<\/title>\n<meta name=\"description\" content=\"Direcci\u00f3n Font-Romeu en los Pirineos Orientales Descubre la contrataci\u00f3n de chalets de madera en camping Huttopia Font-Romeu en imagen ... Todas las fotos est\u00e1n disponibles en esta galer\u00eda de fotos: chalets, servicios, regi\u00f3n.\" \/>\n<meta name=\"robots\" content=\"index, follow, max-snippet:-1, max-image-preview:large, max-video-preview:-1\" \/>\n<link rel=\"canonical\" href=\"https:\/\/www.chalets-fontromeu.com\/es\/galeria-de-fotos\/\" \/>\n<meta property=\"og:locale\" content=\"es_ES\" \/>\n<meta property=\"og:type\" content=\"article\" \/>\n<meta property=\"og:title\" content=\"Galer\u00eda de fotos - Les Chalets de Font-Romeu | Huttopia\" \/>\n<meta property=\"og:description\" content=\"Direcci\u00f3n Font-Romeu en los Pirineos Orientales Descubre la contrataci\u00f3n de chalets de madera en camping Huttopia Font-Romeu en imagen ... Todas las fotos est\u00e1n disponibles en esta galer\u00eda de fotos: chalets, servicios, regi\u00f3n.\" \/>\n<meta property=\"og:url\" content=\"https:\/\/www.chalets-fontromeu.com\/es\/galeria-de-fotos\/\" \/>\n<meta property=\"og:site_name\" content=\"Les Chalets de Font-Romeu\" \/>\n<meta property=\"article:modified_time\" content=\"2018-09-12T15:32:41+00:00\" \/>\n<meta name=\"twitter:card\" content=\"summary_large_image\" \/>\n<meta name=\"twitter:label1\" content=\"Est. reading time\" \/>\n\t<meta name=\"twitter:data1\" content=\"1 minuto\" \/>\n<script type=\"application\/ld+json\" class=\"yoast-schema-graph\">{\"@context\":\"https:\/\/schema.org\",\"@graph\":[{\"@type\":\"WebPage\",\"@id\":\"https:\/\/www.chalets-fontromeu.com\/es\/galeria-de-fotos\/\",\"url\":\"https:\/\/www.chalets-fontromeu.com\/es\/galeria-de-fotos\/\",\"name\":\"Galer\u00eda de fotos - Les Chalets de Font-Romeu | Huttopia\",\"isPartOf\":{\"@id\":\"https:\/\/www.chalets-fontromeu.com\/es\/#website\"},\"datePublished\":\"2018-07-18T12:20:29+00:00\",\"dateModified\":\"2018-09-12T15:32:41+00:00\",\"description\":\"Direcci\u00f3n Font-Romeu en los Pirineos Orientales Descubre la contrataci\u00f3n de chalets de madera en camping Huttopia Font-Romeu en imagen ... Todas las fotos est\u00e1n disponibles en esta galer\u00eda de fotos: chalets, servicios, regi\u00f3n.\",\"breadcrumb\":{\"@id\":\"https:\/\/www.chalets-fontromeu.com\/es\/galeria-de-fotos\/#breadcrumb\"},\"inLanguage\":\"es\",\"potentialAction\":[{\"@type\":\"ReadAction\",\"target\":[\"https:\/\/www.chalets-fontromeu.com\/es\/galeria-de-fotos\/\"]}]},{\"@type\":\"BreadcrumbList\",\"@id\":\"https:\/\/www.chalets-fontromeu.com\/es\/galeria-de-fotos\/#breadcrumb\",\"itemListElement\":[{\"@type\":\"ListItem\",\"position\":1,\"name\":\"Home\",\"item\":\"https:\/\/www.chalets-fontromeu.com\/es\/\"},{\"@type\":\"ListItem\",\"position\":2,\"name\":\"Galer\u00eda de fotos\"}]},{\"@type\":\"WebSite\",\"@id\":\"https:\/\/www.chalets-fontromeu.com\/es\/#website\",\"url\":\"https:\/\/www.chalets-fontromeu.com\/es\/\",\"name\":\"Les Chalets de Font-Romeu\",\"description\":\"Just another Citykamp site\",\"potentialAction\":[{\"@type\":\"SearchAction\",\"target\":{\"@type\":\"EntryPoint\",\"urlTemplate\":\"https:\/\/www.chalets-fontromeu.com\/es\/?s={search_term_string}\"},\"query-input\":{\"@type\":\"PropertyValueSpecification\",\"valueRequired\":true,\"valueName\":\"search_term_string\"}}],\"inLanguage\":\"es\"}]}<\/script>\n<!-- \/ Yoast SEO plugin. -->","yoast_head_json":{"title":"Galer\u00eda de fotos - Les Chalets de Font-Romeu | Huttopia","description":"Direcci\u00f3n Font-Romeu en los Pirineos Orientales Descubre la contrataci\u00f3n de chalets de madera en camping Huttopia Font-Romeu en imagen ... Todas las fotos est\u00e1n disponibles en esta galer\u00eda de fotos: chalets, servicios, regi\u00f3n.","robots":{"index":"index","follow":"follow","max-snippet":"max-snippet:-1","max-image-preview":"max-image-preview:large","max-video-preview":"max-video-preview:-1"},"canonical":"https:\/\/www.chalets-fontromeu.com\/es\/galeria-de-fotos\/","og_locale":"es_ES","og_type":"article","og_title":"Galer\u00eda de fotos - Les Chalets de Font-Romeu | Huttopia","og_description":"Direcci\u00f3n Font-Romeu en los Pirineos Orientales Descubre la contrataci\u00f3n de chalets de madera en camping Huttopia Font-Romeu en imagen ... Todas las fotos est\u00e1n disponibles en esta galer\u00eda de fotos: chalets, servicios, regi\u00f3n.","og_url":"https:\/\/www.chalets-fontromeu.com\/es\/galeria-de-fotos\/","og_site_name":"Les Chalets de Font-Romeu","article_modified_time":"2018-09-12T15:32:41+00:00","twitter_card":"summary_large_image","twitter_misc":{"Est. reading time":"1 minuto"},"schema":{"@context":"https:\/\/schema.org","@graph":[{"@type":"WebPage","@id":"https:\/\/www.chalets-fontromeu.com\/es\/galeria-de-fotos\/","url":"https:\/\/www.chalets-fontromeu.com\/es\/galeria-de-fotos\/","name":"Galer\u00eda de fotos - Les Chalets de Font-Romeu | Huttopia","isPartOf":{"@id":"https:\/\/www.chalets-fontromeu.com\/es\/#website"},"datePublished":"2018-07-18T12:20:29+00:00","dateModified":"2018-09-12T15:32:41+00:00","description":"Direcci\u00f3n Font-Romeu en los Pirineos Orientales Descubre la contrataci\u00f3n de chalets de madera en camping Huttopia Font-Romeu en imagen ... Todas las fotos est\u00e1n disponibles en esta galer\u00eda de fotos: chalets, servicios, regi\u00f3n.","breadcrumb":{"@id":"https:\/\/www.chalets-fontromeu.com\/es\/galeria-de-fotos\/#breadcrumb"},"inLanguage":"es","potentialAction":[{"@type":"ReadAction","target":["https:\/\/www.chalets-fontromeu.com\/es\/galeria-de-fotos\/"]}]},{"@type":"BreadcrumbList","@id":"https:\/\/www.chalets-fontromeu.com\/es\/galeria-de-fotos\/#breadcrumb","itemListElement":[{"@type":"ListItem","position":1,"name":"Home","item":"https:\/\/www.chalets-fontromeu.com\/es\/"},{"@type":"ListItem","position":2,"name":"Galer\u00eda de fotos"}]},{"@type":"WebSite","@id":"https:\/\/www.chalets-fontromeu.com\/es\/#website","url":"https:\/\/www.chalets-fontromeu.com\/es\/","name":"Les Chalets de Font-Romeu","description":"Just another Citykamp site","potentialAction":[{"@type":"SearchAction","target":{"@type":"EntryPoint","urlTemplate":"https:\/\/www.chalets-fontromeu.com\/es\/?s={search_term_string}"},"query-input":{"@type":"PropertyValueSpecification","valueRequired":true,"valueName":"search_term_string"}}],"inLanguage":"es"}]}},"_links":{"self":[{"href":"https:\/\/www.chalets-fontromeu.com\/es\/wp-json\/wp\/v2\/pages\/322","targetHints":{"allow":["GET"]}}],"collection":[{"href":"https:\/\/www.chalets-fontromeu.com\/es\/wp-json\/wp\/v2\/pages"}],"about":[{"href":"https:\/\/www.chalets-fontromeu.com\/es\/wp-json\/wp\/v2\/types\/page"}],"author":[{"embeddable":true,"href":"https:\/\/www.chalets-fontromeu.com\/es\/wp-json\/wp\/v2\/users\/1"}],"replies":[{"embeddable":true,"href":"https:\/\/www.chalets-fontromeu.com\/es\/wp-json\/wp\/v2\/comments?post=322"}],"version-history":[{"count":3,"href":"https:\/\/www.chalets-fontromeu.com\/es\/wp-json\/wp\/v2\/pages\/322\/revisions"}],"predecessor-version":[{"id":325,"href":"https:\/\/www.chalets-fontromeu.com\/es\/wp-json\/wp\/v2\/pages\/322\/revisions\/325"}],"wp:attachment":[{"href":"https:\/\/www.chalets-fontromeu.com\/es\/wp-json\/wp\/v2\/media?parent=322"}],"curies":[{"name":"wp","href":"https:\/\/api.w.org\/{rel}","templated":true}]}}