{"id":329,"date":"2018-06-21T15:58:59","date_gmt":"2018-06-21T15:58:59","guid":{"rendered":"https:\/\/www.chalets-fontromeu.com\/les-chalets-en-bois\/"},"modified":"2022-10-11T14:48:25","modified_gmt":"2022-10-11T14:48:25","slug":"xalet-de-fusta","status":"publish","type":"page","link":"https:\/\/www.chalets-fontromeu.com\/es\/xalet-de-fusta\/","title":{"rendered":"Xalet de fusta"},"content":{"rendered":"<div class=\"wpb-content-wrapper\"><p>[vc_row][vc_column][vc_single_image image=\u00bb340&#8243; img_size=\u00bb1900&#215;500&#8243;][\/vc_column][\/vc_row][vc_row][vc_column]<div class=\"wrappedcontent\">[vc_column_text]<\/p>\n<h3><span style=\"color: #333333;\">Lloguer d&#8217;un xalet de fusta \u2013 35m\u00b2 \/ Fins a 6 persones<\/span><\/h3>\n<p>Descobriu aquest aut\u00e8ntic poble de 33 xalets de fusta 100% confort i molt acollidor situat al bell mig dels Pirineus Catalans, a 300 m de la sortida dels telecabines de l&#8217;estaci\u00f3 de Font-Romeu Pyr\u00e9n\u00e9es 2000. Ideal per gaudir en fam\u00edlia dels esports d&#8217;hivern.<\/p>\n<p>Les cabanes Huttopia de Font-Romeu han estat especialment dissenyades per a les necessitats de l&#8217;hivern, disposen d&#8217;una estufa de llenya, radiadors auxiliars i moltes solucions per desar tot el vostre equip. A la terrassa de la vostra caseta de fusta, podreu desar els esqu\u00eds al suport previst (a l&#8217;arribada us donem la clau del cadenat).[\/vc_column_text][vc_empty_space height=\u00bb25px\u00bb][vc_btn title=\u00bbVER EL PLAN\u00bb style=\u00bbcustom\u00bb custom_background=\u00bb#23afc2&#8243; custom_text=\u00bb#ffffff\u00bb shape=\u00bbsquare\u00bb size=\u00bbxs\u00bb align=\u00bbcenter\u00bb link=\u00bburl:https%3A%2F%2Fmedia.huttopia.com%2Fhebergements%2F33-cabane%2F33-cabane-etage-plan.jpg||target:%20_blank|\u00bb]<\/div>[\/vc_column][\/vc_row][vc_row css=\u00bb.vc_custom_1531833413835{background-color: #e8e8e8 !important;}\u00bb][vc_column]<div class=\"wrappedcontent\">[vc_masonry_media_grid element_width=\u00bb6&#8243; gap=\u00bb10&#8243; item=\u00bb58&#8243; grid_id=\u00bbvc_gid:1665499672427-574612cd-2427-7&#8243; include=\u00bb344,349&#8243;]<\/div>[\/vc_column][\/vc_row][vc_row][vc_column]<div class=\"wrappedcontent\">[vc_text_separator title=\u00bbPlanta baja\u00bb][vc_empty_space height=\u00bb12px\u00bb][vc_masonry_media_grid gap=\u00bb10&#8243; item=\u00bb37&#8243; grid_id=\u00bbvc_gid:1665499672432-5643e89c-b20d-2&#8243; include=\u00bb336,334,345&#8243;][vc_empty_space height=\u00bb12px\u00bb][vc_column_text]Zona de cuina equipada amb pica, cuina de gas, forn microones, nevera, rentavaixella, cafetera Bodum. Zona menjador amb una taula (4 cadires + 2 tamborets). Sal\u00f3 amb sof\u00e0, 2 butaques i estufa de llenya. Habitaci\u00f3 amb llit per a dues persones (140\u00a0x\u00a0200\u00a0cm). Bany amb lavabo, dutxa i WC.<\/p>\n<p>Calefacci\u00f3: estufa de llenya, radiadors el\u00e8ctrics, escalfador d&#8217;aigua de gas.[\/vc_column_text][vc_empty_space height=\u00bb40px\u00bb][vc_text_separator title=\u00bbPrimera planta\u00bb][vc_empty_space height=\u00bb12px\u00bb][vc_masonry_media_grid element_width=\u00bb6&#8243; gap=\u00bb10&#8243; item=\u00bb37&#8243; grid_id=\u00bbvc_gid:1665499672437-4444e173-28cc-6&#8243; include=\u00bb800,333&#8243;][vc_empty_space height=\u00bb12px\u00bb][vc_column_text]Altell (ideal com a zona de jocs per als infants)amb 1 dormitori. 2 llits dobles i tauletes de nit.[\/vc_column_text][vc_empty_space height=\u00bb40px\u00bb][vc_text_separator title=\u00bbExterior\u00bb][vc_empty_space height=\u00bb12px\u00bb][vc_masonry_media_grid gap=\u00bb10&#8243; item=\u00bb37&#8243; grid_id=\u00bbvc_gid:1665499672440-42db6bc6-99ab-9&#8243; include=\u00bb347,346,343&#8243;][vc_empty_space height=\u00bb12px\u00bb][vc_column_text]Terrassa de fusta coberta amb taula de fusta, suport per als esqu\u00eds[\/vc_column_text][vc_empty_space]<div class=\"text-center btnwrap\"><a class=\"btn btn-huttopia-cta\" href=\"http:\/\/checkout.huttopia.com\/redirect\/es\/879\" role=\"button\" target=\"\" onclick=\"dataLayer.push({'event':'clickCity', 'clickText':'Reserva tu estancia'})\">Reserva tu estancia<\/a><\/div><\/div>[\/vc_column][\/vc_row][vc_row css=\u00bb.vc_custom_1529664228349{background-color: #e8e8e8 !important;}\u00bb][vc_column]<div class=\"wrappedcontent\">[vc_row_inner][vc_column_inner width=\u00bb1\/2&#8243;][vc_column_text]<\/p>\n<h4>Avantatges<\/h4>\n<ul>\n<li>Una agradable terrassa amb vistes a les muntanyes<\/li>\n<li>Un interior acollidor amb estufa de llenya<\/li>\n<li>Nombroses solucions per tenir-ho tot endre\u00e7at, suport per als esqu\u00eds,&#8230;<\/li>\n<li>Ecofriendly: cabana totalment de fusta, d&#8217;ecodisseny i muntada sobre estacades<\/li>\n<li>Possibilitat de llogar diverses casetes una al costat de l&#8217;altra.<\/li>\n<\/ul>\n<p>[\/vc_column_text][\/vc_column_inner][vc_column_inner width=\u00bb1\/2&#8243; css=\u00bb.vc_custom_1561391361731{background-color: #ffffff !important;}\u00bb][vc_column_text css=\u00bb.vc_custom_1561391421621{padding-top: 15px !important;padding-right: 15px !important;padding-bottom: 15px !important;padding-left: 15px !important;}\u00bb]<\/p>\n<p style=\"text-align: center;\"><span style=\"color: #23afc2;\"><strong>En tribu<\/strong><\/span><\/p>\n<p style=\"text-align: center;\">Para las vacaciones navide\u00f1as, febrero entra en grupo con tus seres queridos.<br \/>\nEn nuestros chalets de madera pidiendo alojamiento al lado.<\/p>\n<p style=\"text-align: center;\">Compartimos, nos divertimos pero todos en casa!<\/p>\n<p>[\/vc_column_text][\/vc_column_inner][\/vc_row_inner]<\/div>[\/vc_column][\/vc_row][vc_row][vc_column]<div class=\"wrappedcontent\">[vc_row_inner equal_height=\u00bbyes\u00bb gap=\u00bb20&#8243; css=\u00bb.vc_custom_1531916847626{margin-left: -0.5px !important;}\u00bb][vc_column_inner width=\u00bb1\/4&#8243; css=\u00bb.vc_custom_1531916854170{background-color: #e8e8e8 !important;}\u00bb][vc_icon icon_fontawesome=\u00bbfa fa-camera\u00bb color=\u00bbcustom\u00bb size=\u00bblg\u00bb align=\u00bbcenter\u00bb custom_color=\u00bb#23afc2&#8243; link=\u00bburl:https%3A%2F%2Fwww.chalets-fontromeu.com%2Fes%2Fgalerie-photo%2F||target:%20_blank|\u00bb css=\u00bb.vc_custom_1536759438469{margin-bottom: -10px !important;padding-top: 15px !important;}\u00bb][vc_column_text css=\u00bb.vc_custom_1536759485351{padding-top: 25px !important;padding-right: 15px !important;padding-bottom: 15px !important;padding-left: 15px !important;}\u00bb]<\/p>\n<p style=\"text-align: center;\"><a href=\"https:\/\/www.chalets-fontromeu.com\/es\/galerie-photo\/\" target=\"_blank\" rel=\"noopener noreferrer\"><strong>Galer\u00eda de fotos<\/strong><\/a><\/p>\n<p>[\/vc_column_text][\/vc_column_inner][vc_column_inner width=\u00bb1\/4&#8243; css=\u00bb.vc_custom_1531916858384{background-color: #e8e8e8 !important;}\u00bb][vc_icon icon_fontawesome=\u00bbfa fa-map-o\u00bb color=\u00bbcustom\u00bb size=\u00bblg\u00bb align=\u00bbcenter\u00bb custom_color=\u00bb#23afc2&#8243; link=\u00bburl:https%3A%2F%2Fmedia.huttopia.com%2Fdestinations%2Ffont-romeu%2Fplan-hiver.pdf||target:%20_blank|\u00bb css=\u00bb.vc_custom_1575907844517{margin-bottom: -10px !important;padding-top: 15px !important;}\u00bb][vc_column_text css=\u00bb.vc_custom_1575907838523{padding-top: 25px !important;padding-right: 15px !important;padding-bottom: 15px !important;padding-left: 15px !important;}\u00bb]<\/p>\n<p style=\"text-align: center;\"><a href=\"https:\/\/media.huttopia.com\/destinations\/font-romeu\/plan-hiver.pdf\" target=\"_blank\" rel=\"noopener noreferrer\"><strong>Plano del camping<\/strong><\/a><\/p>\n<p>[\/vc_column_text][\/vc_column_inner][vc_column_inner width=\u00bb1\/4&#8243; css=\u00bb.vc_custom_1531916862801{background-color: #e8e8e8 !important;}\u00bb][vc_icon icon_fontawesome=\u00bbfa fa-calendar-check-o\u00bb color=\u00bbcustom\u00bb size=\u00bblg\u00bb align=\u00bbcenter\u00bb custom_color=\u00bb#23afc2&#8243; link=\u00bburl:http%3A%2F%2Fcheckout.huttopia.com%2Fredirect%2Fes%2F879||target:%20_blank|\u00bb css=\u00bb.vc_custom_1536759542229{margin-bottom: -10px !important;padding-top: 15px !important;}\u00bb][vc_column_text css=\u00bb.vc_custom_1536759532567{padding-top: 25px !important;padding-right: 15px !important;padding-bottom: 15px !important;padding-left: 15px !important;}\u00bb]<\/p>\n<p style=\"text-align: center;\"><a href=\"http:\/\/checkout.huttopia.com\/redirect\/es\/879\" target=\"_blank\" rel=\"noopener noreferrer\"><strong>Reserva tu estancia<\/strong><\/a><\/p>\n<p>[\/vc_column_text][\/vc_column_inner][vc_column_inner width=\u00bb1\/4&#8243; css=\u00bb.vc_custom_1531916867200{background-color: #e8e8e8 !important;}\u00bb][vc_icon icon_fontawesome=\u00bbfa fa-map-marker\u00bb color=\u00bbcustom\u00bb size=\u00bblg\u00bb align=\u00bbcenter\u00bb custom_color=\u00bb#23afc2&#8243; link=\u00bburl:https%3A%2F%2Fgoo.gl%2Fmaps%2FapC95cDt3kJ2||target:%20_blank|\u00bb css=\u00bb.vc_custom_1531917214192{margin-bottom: -10px !important;padding-top: 15px !important;}\u00bb][vc_column_text css=\u00bb.vc_custom_1536759554702{padding-top: 25px !important;padding-right: 15px !important;padding-bottom: 15px !important;padding-left: 15px !important;}\u00bb]<\/p>\n<p style=\"text-align: center;\"><a href=\"https:\/\/goo.gl\/maps\/apC95cDt3kJ2\" target=\"_blank\" rel=\"noopener noreferrer\"><strong>Ruta<\/strong><\/a><\/p>\n<p>[\/vc_column_text][\/vc_column_inner][\/vc_row_inner]<\/div>[\/vc_column][\/vc_row][vc_row css=\u00bb.vc_custom_1531916812099{background-color: #e8e8e8 !important;}\u00bb][vc_column]<div class=\"wrappedcontent\">[vc_column_text]<\/p>\n<h4>Fotografies de les cabanes de fusta a Font-Romeu \u2013 Pyr\u00e9n\u00e9es | Huttopia Font-Romeu<\/h4>\n<p>[\/vc_column_text][vc_empty_space height=\u00bb18px\u00bb][vc_masonry_media_grid style=\u00bbload-more\u00bb items_per_page=\u00bb4&#8243; element_width=\u00bb3&#8243; gap=\u00bb10&#8243; item=\u00bb39&#8243; btn_title=\u00bbVER M\u00c0S\u00bb btn_style=\u00bbcustom\u00bb btn_custom_background=\u00bb#23afc2&#8243; btn_custom_text=\u00bb#ffffff\u00bb btn_shape=\u00bbsquare\u00bb btn_i_icon_fontawesome=\u00bbfa fa-camera\u00bb btn_add_icon=\u00bbtrue\u00bb grid_id=\u00bbvc_gid:1665499672446-8eb30f45-df76-6&#8243; include=\u00bb348,349,350,352,353,354,355,356,357,358,359,360,361,362,363,364&#8243;]<\/div>[\/vc_column][\/vc_row]<\/p>\n<\/div>","protected":false},"excerpt":{"rendered":"<p>[vc_row][vc_column][vc_single_image image=\u00bb340&#8243; img_size=\u00bb1900&#215;500&#8243;][\/vc_column][\/vc_row][vc_row][vc_column][\/vc_column][\/vc_row][vc_row css=\u00bb.vc_custom_1531833413835{background-color: #e8e8e8 !important;}\u00bb][vc_column][\/vc_column][\/vc_row][vc_row][vc_column][\/vc_column][\/vc_row][vc_row css=\u00bb.vc_custom_1529664228349{background-color: #e8e8e8 !important;}\u00bb][vc_column][\/vc_column][\/vc_row][vc_row][vc_column][\/vc_column][\/vc_row][vc_row css=\u00bb.vc_custom_1531916812099{background-color: #e8e8e8 !important;}\u00bb][vc_column][\/vc_column][\/vc_row]<\/p>\n","protected":false},"author":1,"featured_media":0,"parent":0,"menu_order":0,"comment_status":"closed","ping_status":"closed","template":"","meta":{"footnotes":""},"class_list":["post-329","page","type-page","status-publish","hentry"],"yoast_head":"<!-- This site is optimized with the Yoast SEO plugin v25.6 - https:\/\/yoast.com\/wordpress\/plugins\/seo\/ -->\n<title>Descubrir Xalet de fusta de Font-Romeu - Huttopia<\/title>\n<meta name=\"description\" content=\"Al\u00f3jate en un hermoso chalet de madera c\u00f3modo en el coraz\u00f3n de las monta\u00f1as en los Pirineos Orientales. Disfruta de un reloj despertador con vistas a los incre\u00edbles picos. Chalet totalmente equipado con estufa de le\u00f1a.\" \/>\n<meta name=\"robots\" content=\"index, follow, max-snippet:-1, max-image-preview:large, max-video-preview:-1\" \/>\n<link rel=\"canonical\" href=\"https:\/\/www.chalets-fontromeu.com\/es\/xalet-de-fusta\/\" \/>\n<meta property=\"og:locale\" content=\"es_ES\" \/>\n<meta property=\"og:type\" content=\"article\" \/>\n<meta property=\"og:title\" content=\"Descubrir Xalet de fusta de Font-Romeu - Huttopia\" \/>\n<meta property=\"og:description\" content=\"Al\u00f3jate en un hermoso chalet de madera c\u00f3modo en el coraz\u00f3n de las monta\u00f1as en los Pirineos Orientales. Disfruta de un reloj despertador con vistas a los incre\u00edbles picos. Chalet totalmente equipado con estufa de le\u00f1a.\" \/>\n<meta property=\"og:url\" content=\"https:\/\/www.chalets-fontromeu.com\/es\/xalet-de-fusta\/\" \/>\n<meta property=\"og:site_name\" content=\"Les Chalets de Font-Romeu\" \/>\n<meta property=\"article:modified_time\" content=\"2022-10-11T14:48:25+00:00\" \/>\n<meta name=\"twitter:card\" content=\"summary_large_image\" \/>\n<meta name=\"twitter:label1\" content=\"Est. reading time\" \/>\n\t<meta name=\"twitter:data1\" content=\"4 minutos\" \/>\n<script type=\"application\/ld+json\" class=\"yoast-schema-graph\">{\"@context\":\"https:\/\/schema.org\",\"@graph\":[{\"@type\":\"WebPage\",\"@id\":\"https:\/\/www.chalets-fontromeu.com\/es\/xalet-de-fusta\/\",\"url\":\"https:\/\/www.chalets-fontromeu.com\/es\/xalet-de-fusta\/\",\"name\":\"Descubrir Xalet de fusta de Font-Romeu - Huttopia\",\"isPartOf\":{\"@id\":\"https:\/\/www.chalets-fontromeu.com\/es\/#website\"},\"datePublished\":\"2018-06-21T15:58:59+00:00\",\"dateModified\":\"2022-10-11T14:48:25+00:00\",\"description\":\"Al\u00f3jate en un hermoso chalet de madera c\u00f3modo en el coraz\u00f3n de las monta\u00f1as en los Pirineos Orientales. Disfruta de un reloj despertador con vistas a los incre\u00edbles picos. Chalet totalmente equipado con estufa de le\u00f1a.\",\"breadcrumb\":{\"@id\":\"https:\/\/www.chalets-fontromeu.com\/es\/xalet-de-fusta\/#breadcrumb\"},\"inLanguage\":\"es\",\"potentialAction\":[{\"@type\":\"ReadAction\",\"target\":[\"https:\/\/www.chalets-fontromeu.com\/es\/xalet-de-fusta\/\"]}]},{\"@type\":\"BreadcrumbList\",\"@id\":\"https:\/\/www.chalets-fontromeu.com\/es\/xalet-de-fusta\/#breadcrumb\",\"itemListElement\":[{\"@type\":\"ListItem\",\"position\":1,\"name\":\"Home\",\"item\":\"https:\/\/www.chalets-fontromeu.com\/es\/\"},{\"@type\":\"ListItem\",\"position\":2,\"name\":\"Xalet de fusta\"}]},{\"@type\":\"WebSite\",\"@id\":\"https:\/\/www.chalets-fontromeu.com\/es\/#website\",\"url\":\"https:\/\/www.chalets-fontromeu.com\/es\/\",\"name\":\"Les Chalets de Font-Romeu\",\"description\":\"Just another Citykamp site\",\"potentialAction\":[{\"@type\":\"SearchAction\",\"target\":{\"@type\":\"EntryPoint\",\"urlTemplate\":\"https:\/\/www.chalets-fontromeu.com\/es\/?s={search_term_string}\"},\"query-input\":{\"@type\":\"PropertyValueSpecification\",\"valueRequired\":true,\"valueName\":\"search_term_string\"}}],\"inLanguage\":\"es\"}]}<\/script>\n<!-- \/ Yoast SEO plugin. -->","yoast_head_json":{"title":"Descubrir Xalet de fusta de Font-Romeu - Huttopia","description":"Al\u00f3jate en un hermoso chalet de madera c\u00f3modo en el coraz\u00f3n de las monta\u00f1as en los Pirineos Orientales. Disfruta de un reloj despertador con vistas a los incre\u00edbles picos. Chalet totalmente equipado con estufa de le\u00f1a.","robots":{"index":"index","follow":"follow","max-snippet":"max-snippet:-1","max-image-preview":"max-image-preview:large","max-video-preview":"max-video-preview:-1"},"canonical":"https:\/\/www.chalets-fontromeu.com\/es\/xalet-de-fusta\/","og_locale":"es_ES","og_type":"article","og_title":"Descubrir Xalet de fusta de Font-Romeu - Huttopia","og_description":"Al\u00f3jate en un hermoso chalet de madera c\u00f3modo en el coraz\u00f3n de las monta\u00f1as en los Pirineos Orientales. Disfruta de un reloj despertador con vistas a los incre\u00edbles picos. Chalet totalmente equipado con estufa de le\u00f1a.","og_url":"https:\/\/www.chalets-fontromeu.com\/es\/xalet-de-fusta\/","og_site_name":"Les Chalets de Font-Romeu","article_modified_time":"2022-10-11T14:48:25+00:00","twitter_card":"summary_large_image","twitter_misc":{"Est. reading time":"4 minutos"},"schema":{"@context":"https:\/\/schema.org","@graph":[{"@type":"WebPage","@id":"https:\/\/www.chalets-fontromeu.com\/es\/xalet-de-fusta\/","url":"https:\/\/www.chalets-fontromeu.com\/es\/xalet-de-fusta\/","name":"Descubrir Xalet de fusta de Font-Romeu - Huttopia","isPartOf":{"@id":"https:\/\/www.chalets-fontromeu.com\/es\/#website"},"datePublished":"2018-06-21T15:58:59+00:00","dateModified":"2022-10-11T14:48:25+00:00","description":"Al\u00f3jate en un hermoso chalet de madera c\u00f3modo en el coraz\u00f3n de las monta\u00f1as en los Pirineos Orientales. Disfruta de un reloj despertador con vistas a los incre\u00edbles picos. Chalet totalmente equipado con estufa de le\u00f1a.","breadcrumb":{"@id":"https:\/\/www.chalets-fontromeu.com\/es\/xalet-de-fusta\/#breadcrumb"},"inLanguage":"es","potentialAction":[{"@type":"ReadAction","target":["https:\/\/www.chalets-fontromeu.com\/es\/xalet-de-fusta\/"]}]},{"@type":"BreadcrumbList","@id":"https:\/\/www.chalets-fontromeu.com\/es\/xalet-de-fusta\/#breadcrumb","itemListElement":[{"@type":"ListItem","position":1,"name":"Home","item":"https:\/\/www.chalets-fontromeu.com\/es\/"},{"@type":"ListItem","position":2,"name":"Xalet de fusta"}]},{"@type":"WebSite","@id":"https:\/\/www.chalets-fontromeu.com\/es\/#website","url":"https:\/\/www.chalets-fontromeu.com\/es\/","name":"Les Chalets de Font-Romeu","description":"Just another Citykamp site","potentialAction":[{"@type":"SearchAction","target":{"@type":"EntryPoint","urlTemplate":"https:\/\/www.chalets-fontromeu.com\/es\/?s={search_term_string}"},"query-input":{"@type":"PropertyValueSpecification","valueRequired":true,"valueName":"search_term_string"}}],"inLanguage":"es"}]}},"_links":{"self":[{"href":"https:\/\/www.chalets-fontromeu.com\/es\/wp-json\/wp\/v2\/pages\/329","targetHints":{"allow":["GET"]}}],"collection":[{"href":"https:\/\/www.chalets-fontromeu.com\/es\/wp-json\/wp\/v2\/pages"}],"about":[{"href":"https:\/\/www.chalets-fontromeu.com\/es\/wp-json\/wp\/v2\/types\/page"}],"author":[{"embeddable":true,"href":"https:\/\/www.chalets-fontromeu.com\/es\/wp-json\/wp\/v2\/users\/1"}],"replies":[{"embeddable":true,"href":"https:\/\/www.chalets-fontromeu.com\/es\/wp-json\/wp\/v2\/comments?post=329"}],"version-history":[{"count":3,"href":"https:\/\/www.chalets-fontromeu.com\/es\/wp-json\/wp\/v2\/pages\/329\/revisions"}],"predecessor-version":[{"id":1167,"href":"https:\/\/www.chalets-fontromeu.com\/es\/wp-json\/wp\/v2\/pages\/329\/revisions\/1167"}],"wp:attachment":[{"href":"https:\/\/www.chalets-fontromeu.com\/es\/wp-json\/wp\/v2\/media?parent=329"}],"curies":[{"name":"wp","href":"https:\/\/api.w.org\/{rel}","templated":true}]}}