{"id":865,"date":"2020-10-15T08:11:35","date_gmt":"2020-10-15T08:11:35","guid":{"rendered":"https:\/\/www.chalets-fontromeu.com\/?page_id=865"},"modified":"2020-10-15T08:11:35","modified_gmt":"2020-10-15T08:11:35","slug":"certificacion-sanitaria-y-medidas-de-higiene-para-estancias-invernales","status":"publish","type":"page","link":"https:\/\/www.chalets-fontromeu.com\/es\/certificacion-sanitaria-y-medidas-de-higiene-para-estancias-invernales\/","title":{"rendered":"Certificacion sanitaria y medidas de higiene para estancias invernales"},"content":{"rendered":"<div class=\"wpb-content-wrapper\"><p>[vc_row css=\u00bb.vc_custom_1602748172008{padding-top: 50px !important;background-color: #e8e8e8 !important;}\u00bb][vc_column][vc_column_text css=\u00bb.vc_custom_1602749329682{padding-top: 50px !important;padding-bottom: 30px !important;}\u00bb]<\/p>\n<h1 style=\"text-align: center;\"><strong><span style=\"color: #333333; font-size: 20pt;\">TUA ESTANCIA CON TRANQUILIDAD TOTAL CON CERTIFICACI\u00d3N EXCLUSIVA DE RIESGO SANITARIO SOCOTEC \u2013 HUTTOPIA<\/span><\/strong><\/h1>\n<p>[\/vc_column_text][\/vc_column][\/vc_row][vc_row css=\u00bb.vc_custom_1602748233474{padding-top: 10px !important;background-color: #23afc2 !important;}\u00bb][vc_column][vc_column_text css=\u00bb.vc_custom_1602749345095{padding-top: 20px !important;padding-bottom: 30px !important;}\u00bb]<\/p>\n<p style=\"text-align: center;\"><span style=\"font-size: 14pt;\"><strong><span style=\"color: #ffffff;\">CANCELACI\u00d3N Y MODIFICACI\u00d3N SON GRATUITOS CON HASTA 14 D\u00cdAS DE ANTELACI\u00d3N<\/span><\/strong><\/span><\/p>\n<p style=\"text-align: center;\"><span style=\"color: #ffffff;\"><em>(para cualquier reserva hecha antes del 05\/12\/2020, solo en tarifas Classic)<\/em><\/span><\/p>\n<p>[\/vc_column_text][\/vc_column][\/vc_row][vc_row][vc_column]<div class=\"wrappedcontent\">[vc_row_inner equal_height=\u00bbyes\u00bb gap=\u00bb35&#8243;][vc_column_inner width=\u00bb1\/2&#8243;][vc_masonry_media_grid element_width=\u00bb12&#8243; gap=\u00bb0&#8243; grid_id=\u00bbvc_gid:1602749313497-49d3054e-ffdb-3&#8243; include=\u00bb852&#8243;][\/vc_column_inner][vc_column_inner width=\u00bb1\/2&#8243;][vc_empty_space height=\u00bb35px\u00bb][vc_column_text]<\/p>\n<h2><span style=\"font-size: 16pt;\">Con total seguridad<\/span><\/h2>\n<p>El grupo Huttopia trabaj\u00f3 en nuevos protocolos con higienistas, m\u00e9dicos y expertos en calidad del grupo SOCOTEC para obtener una certificaci\u00f3n a fin de garantizar el m\u00e1s alto nivel de exigencia en materia de calidad sanitaria y de higiene.<\/p>\n<p>SOCOTEC es un tercero de confianza que a trav\u00e9s de sus auditor\u00edas y recomendaciones garantiza el respeto de nuestros compromisos. La limpieza y la higiene siempre han sido de capital importancia en Huttopia y, como tal, adoptaremos medidas sanitarias reforzadas desde la apertura de nuestras instalaciones.<\/p>\n<p><a href=\"https:\/\/www.chalets-fontromeu.com\/es\/certification-sanitaire-et-mesures-dhygiene\/#engagements\"><span style=\"text-decoration: underline; font-size: 14pt;\"><em><strong>&gt; NUESTROS COMPROMISOS SANITARIOS<\/strong><\/em><\/span><\/a>[\/vc_column_text][\/vc_column_inner][\/vc_row_inner]<\/div>[\/vc_column][\/vc_row][vc_row css=\u00bb.vc_custom_1602748765814{background-color: #e8e8e8 !important;}\u00bb][vc_column][vc_column_text css=\u00bb.vc_custom_1602749378213{padding-top: 30px !important;padding-bottom: 30px !important;}\u00bb]<\/p>\n<h2 style=\"text-align: center;\"><span style=\"font-size: 14pt;\">Esta temporada medidas reforzadas e indicaciones especiales\u2026<\/span><\/h2>\n<p>[\/vc_column_text][\/vc_column][\/vc_row][vc_row el_id=\u00bbengagements\u00bb][vc_column]<div class=\"wrappedcontent\">[vc_row_inner equal_height=\u00bbyes\u00bb gap=\u00bb35&#8243;][vc_column_inner width=\u00bb1\/2&#8243;][vc_column_text]<\/p>\n<h2><span style=\"font-size: 14pt;\">Nuestros compromisos para una estancia de invierno de relax total en Huttopia :<\/span><\/h2>\n<div>\n<p><strong>1.<\/strong>\u00a0Respetar las\u00a0<strong>recomendaciones de las autoridades sanitarias<\/strong>\u00a0<strong>y el plan sanitario<\/strong>\u00a0implantado por los profesionales de la hosteler\u00eda al aire libre.<\/p>\n<p><strong>2.<\/strong>\u00a0Formar a nuestros equipos en\u00a0<strong>gestos barrera y protocolos sanitarios<\/strong>, as\u00ed como facilitarles\u00a0<strong>equipos de protecci\u00f3n<\/strong>.<\/p>\n<p><strong>3.<\/strong>\u00a0Colocar\u00a0<strong>carteles<\/strong>\u00a0que recuerden los gestos barrera y la distanciaci\u00f3n social as\u00ed como los\u00a0<strong>nuevos planos de circulaci\u00f3n adaptados<\/strong>\u00a0para las zonas comunes (recepci\u00f3n, centro social, aseos, etc.)<\/p>\n<p><strong>4.<\/strong>\u00a0Facilitar\u00a0<strong>gel hidroalcoh\u00f3lico, desinfectante o jab\u00f3n<\/strong>\u00a0a clientes y personal en los principales lugares de reuni\u00f3n y aumentar la concienciaci\u00f3n en los puntos de contacto frecuentes.<\/p>\n<p><strong>5.<\/strong>\u00a0Realizar una\u00a0<strong>rigurosa limpieza virucida y reforzada<\/strong>\u00a0de las zonas comunes y los aseos varias veces al d\u00eda y de los alojamientos antes de cada entrada de nuevos hu\u00e9spedes, en conformidad con el plan sanitario.<\/p>\n<p><strong>6.<\/strong>\u00a0Adaptar los\u00a0<strong>procedimientos de entrada y salida\u00a0<\/strong>a fin de reducir el paso por recepci\u00f3n.<\/p>\n<p><strong>7.<\/strong>\u00a0En caso de s\u00edntomas, invitar a quedarse en casa a nuestros trabajadores y clientes. En caso necesario, aplicaremos el\u00a0<strong>protocolo de gesti\u00f3n de riesgos en caso de sospecha de contagio<\/strong>\u00a0de COVID-19 en el domicilio de un cliente o un colaborador, conforme a las recomendaciones de las autoridades sanitarias.<\/p>\n<p><strong>8.<\/strong>\u00a0Aplicar las\u00a0<strong>medidas sanitarias de acceso y de seguridad reforzadas<\/strong>\u00a0y espec\u00edficas para el conjunto de nuestros servicios conforme a las recomendaciones de las autoridades sanitarias.<\/p>\n<\/div>\n<p>[\/vc_column_text][\/vc_column_inner][vc_column_inner width=\u00bb1\/2&#8243;][vc_masonry_media_grid element_width=\u00bb12&#8243; gap=\u00bb0&#8243; grid_id=\u00bbvc_gid:1602749313652-a0c45abc-2bbd-4&#8243; include=\u00bb855&#8243;][\/vc_column_inner][\/vc_row_inner]<\/div>[\/vc_column][\/vc_row][vc_row el_id=\u00bbchalets\u00bb css=\u00bb.vc_custom_1602748976968{background-color: #e8e8e8 !important;}\u00bb][vc_column]<div class=\"wrappedcontent\">[vc_row_inner equal_height=\u00bbyes\u00bb gap=\u00bb35&#8243;][vc_column_inner width=\u00bb1\/2&#8243;][vc_masonry_media_grid element_width=\u00bb12&#8243; gap=\u00bb0&#8243; grid_id=\u00bbvc_gid:1602749313714-209fd1c9-d373-0&#8243; include=\u00bb858&#8243;][\/vc_column_inner][vc_column_inner width=\u00bb1\/2&#8243;][vc_column_text]<\/p>\n<h2><span style=\"font-size: 14pt;\">Para los chalets de madera<\/span><\/h2>\n<div>\n<p>Hemos adaptado nuestros procedimientos de limpieza a fin de prestarle mayor atenci\u00f3n. Reforzamos nuestros\u00a0<strong>equipos de limpieza con formaci\u00f3n y estar\u00e1n equipados con guantes, mascarillas y gafas protectoras durante la realizaci\u00f3n de su trabajo.<\/strong><\/p>\n<p><strong>Se realizar\u00e1 una desinfecci\u00f3n sistem\u00e1tica dentro y fuera del alojamiento<\/strong>, especialmente, en todos los puntos de contacto (superficies de trabajo, interruptores, grifos, tiradores de puertas, mesas, sillas, vajilla, electrodom\u00e9sticos, tejidos, ropa de cama, etc.) con los\u00a0<strong>productos reglamentarios.<\/strong>\u00a0Los alojamientos se ventilan durante todo el proceso de limpieza.<\/p>\n<p>Solicitaremos a los clientes que retiren ellos mismos los empapadores desechables de sus colchones y almohadas, que los introduzcan en una bolsa de basura y los depositen en los contenedores previstos para tal fin.<\/p>\n<p><em>Las s\u00e1banas y toallas est\u00e1n incluidas.<\/em><\/p>\n<\/div>\n<p>[\/vc_column_text][\/vc_column_inner][\/vc_row_inner]<\/div>[\/vc_column][\/vc_row][vc_row][vc_column]<div class=\"wrappedcontent\">[vc_column_text]<\/p>\n<p style=\"text-align: center;\"><span style=\"font-size: 14pt;\"><strong>Todos nuestros equipos te esperan para garantizarte una estancia inolvidable en la nieve.<\/strong><\/span><\/p>\n<p style=\"text-align: center;\">\u00a1Tu aventura invernal en Font-Romeu puede comenzar!<\/p>\n<p style=\"text-align: center;\"><img loading=\"lazy\" decoding=\"async\" class=\"wp-image-146999 aligncenter\" src=\"https:\/\/europe.huttopia.com\/content\/uploads\/2020\/05\/SOC-Label-management-du-risque-sanitaire_Plan-de-travail-1-300x119.png\" sizes=\"auto, (max-width: 179px) 100vw, 179px\" srcset=\"https:\/\/europe.huttopia.com\/uploads\/2020\/05\/SOC-Label-management-du-risque-sanitaire_Plan-de-travail-1-300x119.png 300w, https:\/\/europe.huttopia.com\/uploads\/2020\/05\/SOC-Label-management-du-risque-sanitaire_Plan-de-travail-1-768x306.png 768w, https:\/\/europe.huttopia.com\/uploads\/2020\/05\/SOC-Label-management-du-risque-sanitaire_Plan-de-travail-1-1024x408.png 1024w, https:\/\/europe.huttopia.com\/uploads\/2020\/05\/SOC-Label-management-du-risque-sanitaire_Plan-de-travail-1.png 1293w\" alt=\"\" width=\"179\" height=\"71\" \/><\/p>\n<p style=\"text-align: center;\">M\u00e1s informaci\u00f3n en\u00a0<a href=\"http:\/\/www.socotec.fr\/\">www.socotec.fr<\/a><\/p>\n<p>[\/vc_column_text]<\/div>[\/vc_column][\/vc_row]<\/p>\n<\/div>","protected":false},"excerpt":{"rendered":"<p>[vc_row css=\u00bb.vc_custom_1602748172008{padding-top: 50px !important;background-color: #e8e8e8 !important;}\u00bb][vc_column][vc_column_text css=\u00bb.vc_custom_1602749329682{padding-top: 50px !important;padding-bottom: 30px !important;}\u00bb] TUA ESTANCIA CON TRANQUILIDAD TOTAL CON CERTIFICACI\u00d3N EXCLUSIVA DE RIESGO SANITARIO SOCOTEC \u2013 HUTTOPIA [\/vc_column_text][\/vc_column][\/vc_row][vc_row css=\u00bb.vc_custom_1602748233474{padding-top: 10px !important;background-color: #23afc2 !important;}\u00bb][vc_column][vc_column_text css=\u00bb.vc_custom_1602749345095{padding-top: 20px !important;padding-bottom: 30px !important;}\u00bb] CANCELACI\u00d3N Y MODIFICACI\u00d3N SON GRATUITOS CON HASTA 14 D\u00cdAS DE ANTELACI\u00d3N (para cualquier reserva hecha antes del 05\/12\/2020, solo &hellip;<\/p>\n","protected":false},"author":4,"featured_media":0,"parent":0,"menu_order":0,"comment_status":"closed","ping_status":"closed","template":"","meta":{"footnotes":""},"class_list":["post-865","page","type-page","status-publish","hentry"],"yoast_head":"<!-- This site is optimized with the Yoast SEO plugin v25.6 - https:\/\/yoast.com\/wordpress\/plugins\/seo\/ -->\n<title>Certificacion sanitaria y medidas de higiene para estancias invernales - Les Chalets de Font-Romeu<\/title>\n<meta name=\"description\" content=\"La limpieza y la higiene siempre han sido de suma importancia en nuestros sitios para brindarle unas excelentes y c\u00f3modas vacaciones este invierno.\" \/>\n<meta name=\"robots\" content=\"index, follow, max-snippet:-1, max-image-preview:large, max-video-preview:-1\" \/>\n<link rel=\"canonical\" href=\"https:\/\/www.chalets-fontromeu.com\/es\/certificacion-sanitaria-y-medidas-de-higiene-para-estancias-invernales\/\" \/>\n<meta property=\"og:locale\" content=\"es_ES\" \/>\n<meta property=\"og:type\" content=\"article\" \/>\n<meta property=\"og:title\" content=\"Certificacion sanitaria y medidas de higiene para estancias invernales - Les Chalets de Font-Romeu\" \/>\n<meta property=\"og:description\" content=\"La limpieza y la higiene siempre han sido de suma importancia en nuestros sitios para brindarle unas excelentes y c\u00f3modas vacaciones este invierno.\" \/>\n<meta property=\"og:url\" content=\"https:\/\/www.chalets-fontromeu.com\/es\/certificacion-sanitaria-y-medidas-de-higiene-para-estancias-invernales\/\" \/>\n<meta property=\"og:site_name\" content=\"Les Chalets de Font-Romeu\" \/>\n<meta property=\"og:image\" content=\"https:\/\/europe.huttopia.com\/content\/uploads\/2020\/05\/SOC-Label-management-du-risque-sanitaire_Plan-de-travail-1-300x119.png\" \/>\n<meta name=\"twitter:card\" content=\"summary_large_image\" \/>\n<meta name=\"twitter:label1\" content=\"Est. reading time\" \/>\n\t<meta name=\"twitter:data1\" content=\"4 minutos\" \/>\n<script type=\"application\/ld+json\" class=\"yoast-schema-graph\">{\"@context\":\"https:\/\/schema.org\",\"@graph\":[{\"@type\":\"WebPage\",\"@id\":\"https:\/\/www.chalets-fontromeu.com\/es\/certificacion-sanitaria-y-medidas-de-higiene-para-estancias-invernales\/\",\"url\":\"https:\/\/www.chalets-fontromeu.com\/es\/certificacion-sanitaria-y-medidas-de-higiene-para-estancias-invernales\/\",\"name\":\"Certificacion sanitaria y medidas de higiene para estancias invernales - Les Chalets de Font-Romeu\",\"isPartOf\":{\"@id\":\"https:\/\/www.chalets-fontromeu.com\/es\/#website\"},\"primaryImageOfPage\":{\"@id\":\"https:\/\/www.chalets-fontromeu.com\/es\/certificacion-sanitaria-y-medidas-de-higiene-para-estancias-invernales\/#primaryimage\"},\"image\":{\"@id\":\"https:\/\/www.chalets-fontromeu.com\/es\/certificacion-sanitaria-y-medidas-de-higiene-para-estancias-invernales\/#primaryimage\"},\"thumbnailUrl\":\"https:\/\/europe.huttopia.com\/content\/uploads\/2020\/05\/SOC-Label-management-du-risque-sanitaire_Plan-de-travail-1-300x119.png\",\"datePublished\":\"2020-10-15T08:11:35+00:00\",\"description\":\"La limpieza y la higiene siempre han sido de suma importancia en nuestros sitios para brindarle unas excelentes y c\u00f3modas vacaciones este invierno.\",\"breadcrumb\":{\"@id\":\"https:\/\/www.chalets-fontromeu.com\/es\/certificacion-sanitaria-y-medidas-de-higiene-para-estancias-invernales\/#breadcrumb\"},\"inLanguage\":\"es\",\"potentialAction\":[{\"@type\":\"ReadAction\",\"target\":[\"https:\/\/www.chalets-fontromeu.com\/es\/certificacion-sanitaria-y-medidas-de-higiene-para-estancias-invernales\/\"]}]},{\"@type\":\"ImageObject\",\"inLanguage\":\"es\",\"@id\":\"https:\/\/www.chalets-fontromeu.com\/es\/certificacion-sanitaria-y-medidas-de-higiene-para-estancias-invernales\/#primaryimage\",\"url\":\"https:\/\/europe.huttopia.com\/content\/uploads\/2020\/05\/SOC-Label-management-du-risque-sanitaire_Plan-de-travail-1-300x119.png\",\"contentUrl\":\"https:\/\/europe.huttopia.com\/content\/uploads\/2020\/05\/SOC-Label-management-du-risque-sanitaire_Plan-de-travail-1-300x119.png\"},{\"@type\":\"BreadcrumbList\",\"@id\":\"https:\/\/www.chalets-fontromeu.com\/es\/certificacion-sanitaria-y-medidas-de-higiene-para-estancias-invernales\/#breadcrumb\",\"itemListElement\":[{\"@type\":\"ListItem\",\"position\":1,\"name\":\"Home\",\"item\":\"https:\/\/www.chalets-fontromeu.com\/es\/\"},{\"@type\":\"ListItem\",\"position\":2,\"name\":\"Certificacion sanitaria y medidas de higiene para estancias invernales\"}]},{\"@type\":\"WebSite\",\"@id\":\"https:\/\/www.chalets-fontromeu.com\/es\/#website\",\"url\":\"https:\/\/www.chalets-fontromeu.com\/es\/\",\"name\":\"Les Chalets de Font-Romeu\",\"description\":\"Just another Citykamp site\",\"potentialAction\":[{\"@type\":\"SearchAction\",\"target\":{\"@type\":\"EntryPoint\",\"urlTemplate\":\"https:\/\/www.chalets-fontromeu.com\/es\/?s={search_term_string}\"},\"query-input\":{\"@type\":\"PropertyValueSpecification\",\"valueRequired\":true,\"valueName\":\"search_term_string\"}}],\"inLanguage\":\"es\"}]}<\/script>\n<!-- \/ Yoast SEO plugin. -->","yoast_head_json":{"title":"Certificacion sanitaria y medidas de higiene para estancias invernales - Les Chalets de Font-Romeu","description":"La limpieza y la higiene siempre han sido de suma importancia en nuestros sitios para brindarle unas excelentes y c\u00f3modas vacaciones este invierno.","robots":{"index":"index","follow":"follow","max-snippet":"max-snippet:-1","max-image-preview":"max-image-preview:large","max-video-preview":"max-video-preview:-1"},"canonical":"https:\/\/www.chalets-fontromeu.com\/es\/certificacion-sanitaria-y-medidas-de-higiene-para-estancias-invernales\/","og_locale":"es_ES","og_type":"article","og_title":"Certificacion sanitaria y medidas de higiene para estancias invernales - Les Chalets de Font-Romeu","og_description":"La limpieza y la higiene siempre han sido de suma importancia en nuestros sitios para brindarle unas excelentes y c\u00f3modas vacaciones este invierno.","og_url":"https:\/\/www.chalets-fontromeu.com\/es\/certificacion-sanitaria-y-medidas-de-higiene-para-estancias-invernales\/","og_site_name":"Les Chalets de Font-Romeu","og_image":[{"url":"https:\/\/europe.huttopia.com\/content\/uploads\/2020\/05\/SOC-Label-management-du-risque-sanitaire_Plan-de-travail-1-300x119.png","type":"","width":"","height":""}],"twitter_card":"summary_large_image","twitter_misc":{"Est. reading time":"4 minutos"},"schema":{"@context":"https:\/\/schema.org","@graph":[{"@type":"WebPage","@id":"https:\/\/www.chalets-fontromeu.com\/es\/certificacion-sanitaria-y-medidas-de-higiene-para-estancias-invernales\/","url":"https:\/\/www.chalets-fontromeu.com\/es\/certificacion-sanitaria-y-medidas-de-higiene-para-estancias-invernales\/","name":"Certificacion sanitaria y medidas de higiene para estancias invernales - Les Chalets de Font-Romeu","isPartOf":{"@id":"https:\/\/www.chalets-fontromeu.com\/es\/#website"},"primaryImageOfPage":{"@id":"https:\/\/www.chalets-fontromeu.com\/es\/certificacion-sanitaria-y-medidas-de-higiene-para-estancias-invernales\/#primaryimage"},"image":{"@id":"https:\/\/www.chalets-fontromeu.com\/es\/certificacion-sanitaria-y-medidas-de-higiene-para-estancias-invernales\/#primaryimage"},"thumbnailUrl":"https:\/\/europe.huttopia.com\/content\/uploads\/2020\/05\/SOC-Label-management-du-risque-sanitaire_Plan-de-travail-1-300x119.png","datePublished":"2020-10-15T08:11:35+00:00","description":"La limpieza y la higiene siempre han sido de suma importancia en nuestros sitios para brindarle unas excelentes y c\u00f3modas vacaciones este invierno.","breadcrumb":{"@id":"https:\/\/www.chalets-fontromeu.com\/es\/certificacion-sanitaria-y-medidas-de-higiene-para-estancias-invernales\/#breadcrumb"},"inLanguage":"es","potentialAction":[{"@type":"ReadAction","target":["https:\/\/www.chalets-fontromeu.com\/es\/certificacion-sanitaria-y-medidas-de-higiene-para-estancias-invernales\/"]}]},{"@type":"ImageObject","inLanguage":"es","@id":"https:\/\/www.chalets-fontromeu.com\/es\/certificacion-sanitaria-y-medidas-de-higiene-para-estancias-invernales\/#primaryimage","url":"https:\/\/europe.huttopia.com\/content\/uploads\/2020\/05\/SOC-Label-management-du-risque-sanitaire_Plan-de-travail-1-300x119.png","contentUrl":"https:\/\/europe.huttopia.com\/content\/uploads\/2020\/05\/SOC-Label-management-du-risque-sanitaire_Plan-de-travail-1-300x119.png"},{"@type":"BreadcrumbList","@id":"https:\/\/www.chalets-fontromeu.com\/es\/certificacion-sanitaria-y-medidas-de-higiene-para-estancias-invernales\/#breadcrumb","itemListElement":[{"@type":"ListItem","position":1,"name":"Home","item":"https:\/\/www.chalets-fontromeu.com\/es\/"},{"@type":"ListItem","position":2,"name":"Certificacion sanitaria y medidas de higiene para estancias invernales"}]},{"@type":"WebSite","@id":"https:\/\/www.chalets-fontromeu.com\/es\/#website","url":"https:\/\/www.chalets-fontromeu.com\/es\/","name":"Les Chalets de Font-Romeu","description":"Just another Citykamp site","potentialAction":[{"@type":"SearchAction","target":{"@type":"EntryPoint","urlTemplate":"https:\/\/www.chalets-fontromeu.com\/es\/?s={search_term_string}"},"query-input":{"@type":"PropertyValueSpecification","valueRequired":true,"valueName":"search_term_string"}}],"inLanguage":"es"}]}},"_links":{"self":[{"href":"https:\/\/www.chalets-fontromeu.com\/es\/wp-json\/wp\/v2\/pages\/865","targetHints":{"allow":["GET"]}}],"collection":[{"href":"https:\/\/www.chalets-fontromeu.com\/es\/wp-json\/wp\/v2\/pages"}],"about":[{"href":"https:\/\/www.chalets-fontromeu.com\/es\/wp-json\/wp\/v2\/types\/page"}],"author":[{"embeddable":true,"href":"https:\/\/www.chalets-fontromeu.com\/es\/wp-json\/wp\/v2\/users\/4"}],"replies":[{"embeddable":true,"href":"https:\/\/www.chalets-fontromeu.com\/es\/wp-json\/wp\/v2\/comments?post=865"}],"version-history":[{"count":2,"href":"https:\/\/www.chalets-fontromeu.com\/es\/wp-json\/wp\/v2\/pages\/865\/revisions"}],"predecessor-version":[{"id":867,"href":"https:\/\/www.chalets-fontromeu.com\/es\/wp-json\/wp\/v2\/pages\/865\/revisions\/867"}],"wp:attachment":[{"href":"https:\/\/www.chalets-fontromeu.com\/es\/wp-json\/wp\/v2\/media?parent=865"}],"curies":[{"name":"wp","href":"https:\/\/api.w.org\/{rel}","templated":true}]}}